{"id":1568,"date":"2023-06-11T17:56:10","date_gmt":"2023-06-12T00:56:10","guid":{"rendered":"https:\/\/spracht.com\/?post_type=product&#038;p=1568"},"modified":"2025-07-17T11:32:49","modified_gmt":"2025-07-17T18:32:49","slug":"office-mate-hepa-air-purifier","status":"publish","type":"product","link":"https:\/\/spracht.com\/es\/shop\/office-mate-hepa-air-purifier\/","title":{"rendered":"Purificador de aire HEPA Office Mate\u2122"},"content":{"rendered":"<p>Coloca el purificador de aire HEPA Office Mate junto a ti en tu escritorio y deja que filtre el polvo, al\u00e9rgenos, virus, bacterias y odores. Se utilizan m\u00faltiples filtros y una luz UV para proporcionarte aire purificado. El filtro HEPA es reemplazable y est\u00e1 disponible por separado. Los controles se activan por movimiento, por lo que ni siquiera tienes que tocar el dispositivo. El cuerpo cil\u00edndrico es una aleaci\u00f3n de aluminio resistente y atractiva, y la parte superior muestra la calidad del aire, la temperatura y la humedad.<\/p>\n<p><strong>Caracter\u00edsticas del purificador de aire HEPA Office Mate\u2122<\/strong><\/p>\n<ul>\n<li>Esterilizaci\u00f3n cer\u00e1mica trans-catal\u00edtica, elimina eficazmente bacterias y virus, elimina olores, al\u00e9rgenos y formaldeh\u00eddo.<\/li>\n<li>Purificaci\u00f3n y esterilizaci\u00f3n multicapa: Prefiltro + filtro HEPA H11 + Trans-catal\u00edtico + luz UV + iones negativos.<\/li>\n<li>La pantalla LED HD muestra temperatura, humedad y calidad del aire.<\/li>\n<li>Control por gestos manuales: cambiar configuraciones y encender\/apagar la unidad.<\/li>\n<li>Carcasa de aleaci\u00f3n de aluminio: 2\u00be\u201dx 8\u00bc\u201d.<\/li>\n<li>Sensor de calidad del aire con pantallas LED: Rojo para calidad de aire deficiente, Azul para calidad de aire promedio, Verde para buena.<\/li>\n<li>Filtros HEPA de reemplazo disponibles.<\/li>\n<\/ul>\n<p><strong>ESPECIFICACIONES DEL PURIFICADOR DE AIRE<\/strong><\/p>\n<ul>\n<li>Filtro Transcatal\u00edtico y filtro HEPA 11<\/li>\n<li>El filtro HEPA es reemplazable<\/li>\n<li>Generador de Iones Negativos: 5 Millones\/cm^3<\/li>\n<li>Ruido: &lt;35dB<\/li>\n<li>Luz UV<\/li>\n<li>Longitud de onda UV: 365nm<\/li>\n<li>Sensor de Calidad del Aire: Sensor de olores TVOC<\/li>\n<li>Tasa de esterilizaci\u00f3n: 99.99%<\/li>\n<li>Potencia de entrada: 5V\/2A<\/li>\n<li>Potencia de salida: &lt;10W<\/li>\n<li>Potencia Nominal: &lt;4W<\/li>\n<li>Caja de aleaci\u00f3n de aluminio<\/li>\n<li>Ambiente de operaci\u00f3n: -41\u00ba a 113\u00baF (-5\u00ba a 45\u00baC) (Nota: la pantalla tiene un m\u00e1ximo de 2 d\u00edgitos, por lo que 99\u00baF es la lectura m\u00e1xima en la pantalla)<\/li>\n<li>Interruptor con sensor de movimiento para encendido\/apagado\/velocidad del ventilador<\/li>\n<\/ul>\n<p><strong>ESPECIFICACIONES MEC\u00c1NICAS<\/strong><\/p>\n<ul>\n<li>Dimensiones: 2.75\u201d di\u00e1metro x 7\u201d alto (70 x 180 mm)<\/li>\n<li>Peso: 11 oz (310 g)<\/li>\n<li>Dimensiones de la caja: 10.8\u201d x 4.125\u201d x 3.2\u201d (276 x 105 x 82 mm)<\/li>\n<li>Peso en caja: 30.7 oz (875 g)<\/li>\n<li>Cable USB: 4.9\u2019 (1.5 m)<\/li>\n<li>Cable de extensi\u00f3n USB: 1.8 m (5.9 pies)<\/li>\n<li>Cantidad de Caja Principal: 20<\/li>\n<\/ul>\n<p><strong>ENERG\u00cdA Y USB<\/strong><\/p>\n<ul>\n<li>Adaptador de corriente: cable USB<\/li>\n<\/ul>\n<p>EL PAQUETE INCLUYE<br \/>\nPurificador de aire<br \/>\nCable de alimentaci\u00f3n USB<br \/>\nManual del usuario<\/p>\n<p>Parte# SPT-APUSBHEPA<br \/>\nUPC 800807350205<br \/>\nPrecio de venta sugerido por el fabricante: $129.99<\/p>","protected":false},"excerpt":{"rendered":"<p>Filtra polvo, al\u00e9rgenos, virus, bacterias y olores. Se utilizan m\u00faltiples filtros y una luz UV para ofrecerte aire purificado. El filtro HEPA es reemplazable y est\u00e1 disponible por separado.<\/p>","protected":false},"featured_media":1569,"comment_status":"open","ping_status":"closed","template":"","meta":{"_kad_blocks_custom_css":"","_kad_blocks_head_custom_js":"","_kad_blocks_body_custom_js":"","_kad_blocks_footer_custom_js":"","_kad_post_transparent":"default","_kad_post_title":"","_kad_post_layout":"default","_kad_post_sidebar_id":"","_kad_post_content_style":"default","_kad_post_vertical_padding":"default","_kad_post_feature":"","_kad_post_feature_position":"","_kad_post_header":false,"_kad_post_footer":false,"_kad_post_classname":""},"product_brand":[],"product_cat":[38],"product_tag":[],"class_list":{"0":"post-1568","1":"product","2":"type-product","3":"status-publish","4":"has-post-thumbnail","6":"product_cat-clearance","8":"first","9":"instock","10":"sale","11":"taxable","12":"shipping-taxable","13":"purchasable","14":"product-type-simple","15":"entry","16":"content-bg","17":"loop-entry"},"taxonomy_info":{"product_cat":[{"value":38,"label":"Clearance"}]},"featured_image_src_large":["https:\/\/i0.wp.com\/spracht.com\/wp-content\/uploads\/2023\/07\/Purifier.jpg?fit=944%2C1024&ssl=1",944,1024,true],"author_info":[],"comment_info":1,"jetpack_sharing_enabled":true,"_links":{"self":[{"href":"https:\/\/spracht.com\/es\/wp-json\/wp\/v2\/product\/1568","targetHints":{"allow":["GET"]}}],"collection":[{"href":"https:\/\/spracht.com\/es\/wp-json\/wp\/v2\/product"}],"about":[{"href":"https:\/\/spracht.com\/es\/wp-json\/wp\/v2\/types\/product"}],"replies":[{"embeddable":true,"href":"https:\/\/spracht.com\/es\/wp-json\/wp\/v2\/comments?post=1568"}],"wp:featuredmedia":[{"embeddable":true,"href":"https:\/\/spracht.com\/es\/wp-json\/wp\/v2\/media\/1569"}],"wp:attachment":[{"href":"https:\/\/spracht.com\/es\/wp-json\/wp\/v2\/media?parent=1568"}],"wp:term":[{"taxonomy":"product_brand","embeddable":true,"href":"https:\/\/spracht.com\/es\/wp-json\/wp\/v2\/product_brand?post=1568"},{"taxonomy":"product_cat","embeddable":true,"href":"https:\/\/spracht.com\/es\/wp-json\/wp\/v2\/product_cat?post=1568"},{"taxonomy":"product_tag","embeddable":true,"href":"https:\/\/spracht.com\/es\/wp-json\/wp\/v2\/product_tag?post=1568"}],"curies":[{"name":"wp","href":"https:\/\/api.w.org\/{rel}","templated":true}]}}