{"id":1563,"date":"2023-06-11T17:48:41","date_gmt":"2023-06-12T00:48:41","guid":{"rendered":"https:\/\/spracht.com\/?post_type=product&#038;p=1563"},"modified":"2023-07-14T07:38:23","modified_gmt":"2023-07-14T14:38:23","slug":"adapter-cables-ada-109-2-rj9-to-usb","status":"publish","type":"product","link":"https:\/\/spracht.com\/es\/shop\/adapter-cables-ada-109-2-rj9-to-usb\/","title":{"rendered":"Adaptador de Cable ADA-109 \u2013 2 RJ9 a USB"},"content":{"rendered":"<p>Estos adaptadores permiten que una segunda persona se conecte f\u00e1cilmente y se una a una llamada telef\u00f3nica para fines de capacitaci\u00f3n o monitoreo. Los puertos 2RJ9 son para conectar los 2 aud\u00edfonos. Los dos botones en el adaptador permiten silenciar cualquiera de los micr\u00f3fonos. Tambi\u00e9n hay controles de Subir\/Bajar volumen en el costado del adaptador. El conector RJ9 se enchufa en el tel\u00e9fono IP; en la versi\u00f3n USB, el USB se conecta al puerto USB de la computadora.<\/p>\n<p>Los adaptadores permiten que un supervisor o capacitador se una a una llamada por motivos de instrucci\u00f3n o supervisi\u00f3n.<\/p>\n<p><strong>Caracter\u00edsticas de los cables adaptadores ADA-109 y ADA-209<\/strong><\/p>\n<ol>\n<li>Para el ADA-209, el conector RJ9 se enchufa en el tel\u00e9fono IP. Los 2 puertos RJ9 son para enchufar los auriculares.<\/li>\n<li>Para el adaptador USB, el conector USB se conecta a la PC\/Mac y los 2 puertos RJ9 son para conectar los auriculares.<\/li>\n<li>Hay controles de volumen arriba\/abajo en el costado de ambos adaptadores.<\/li>\n<li>Ambos adaptadores tambi\u00e9n tienen 2 botones para permitir el silenciamiento de cualquiera de los micr\u00f3fonos.<\/li>\n<\/ol>\n<p>Parte# SPT-ADA109<br \/>\nUPC 800807350182<br \/>\nPRECIO DE VENTA SUGERIDO POR EL FABRICANTE: $24.99<\/p>","protected":false},"excerpt":{"rendered":"<p>Adaptadores para Centros de Llamadas ADA-109 \u2013 2 RJ9 a USB<\/p>","protected":false},"featured_media":1565,"comment_status":"open","ping_status":"closed","template":"","meta":{"_kad_blocks_custom_css":"","_kad_blocks_head_custom_js":"","_kad_blocks_body_custom_js":"","_kad_blocks_footer_custom_js":"","_kad_post_transparent":"default","_kad_post_title":"","_kad_post_layout":"default","_kad_post_sidebar_id":"","_kad_post_content_style":"default","_kad_post_vertical_padding":"default","_kad_post_feature":"","_kad_post_feature_position":"","_kad_post_header":false,"_kad_post_footer":false,"_kad_post_classname":""},"product_brand":[],"product_cat":[38],"product_tag":[],"class_list":{"0":"post-1563","1":"product","2":"type-product","3":"status-publish","4":"has-post-thumbnail","6":"product_cat-clearance","8":"first","9":"instock","10":"sale","11":"taxable","12":"shipping-taxable","13":"purchasable","14":"product-type-simple","15":"entry","16":"content-bg","17":"loop-entry"},"taxonomy_info":{"product_cat":[{"value":38,"label":"Clearance"}]},"featured_image_src_large":["https:\/\/i0.wp.com\/spracht.com\/wp-content\/uploads\/2023\/07\/ADA109RJ9toUSB.jpg?fit=944%2C1024&ssl=1",944,1024,true],"author_info":[],"comment_info":1,"jetpack_sharing_enabled":true,"_links":{"self":[{"href":"https:\/\/spracht.com\/es\/wp-json\/wp\/v2\/product\/1563","targetHints":{"allow":["GET"]}}],"collection":[{"href":"https:\/\/spracht.com\/es\/wp-json\/wp\/v2\/product"}],"about":[{"href":"https:\/\/spracht.com\/es\/wp-json\/wp\/v2\/types\/product"}],"replies":[{"embeddable":true,"href":"https:\/\/spracht.com\/es\/wp-json\/wp\/v2\/comments?post=1563"}],"wp:featuredmedia":[{"embeddable":true,"href":"https:\/\/spracht.com\/es\/wp-json\/wp\/v2\/media\/1565"}],"wp:attachment":[{"href":"https:\/\/spracht.com\/es\/wp-json\/wp\/v2\/media?parent=1563"}],"wp:term":[{"taxonomy":"product_brand","embeddable":true,"href":"https:\/\/spracht.com\/es\/wp-json\/wp\/v2\/product_brand?post=1563"},{"taxonomy":"product_cat","embeddable":true,"href":"https:\/\/spracht.com\/es\/wp-json\/wp\/v2\/product_cat?post=1563"},{"taxonomy":"product_tag","embeddable":true,"href":"https:\/\/spracht.com\/es\/wp-json\/wp\/v2\/product_tag?post=1563"}],"curies":[{"name":"wp","href":"https:\/\/api.w.org\/{rel}","templated":true}]}}