{"id":1555,"date":"2023-05-11T17:37:16","date_gmt":"2023-05-12T00:37:16","guid":{"rendered":"https:\/\/spracht.com\/?post_type=product&#038;p=1555"},"modified":"2026-01-19T09:23:44","modified_gmt":"2026-01-19T17:23:44","slug":"remote-headset-lifter","status":"publish","type":"product","link":"https:\/\/spracht.com\/es\/producto\/remote-headset-lifter\/","title":{"rendered":"Elevador remoto de auriculares"},"content":{"rendered":"<p>El levantador remoto de auricular Spracht, RHL-2010, funciona con los auriculares Z\u016bM DECT 6.0\u2122, Z\u016bM eco DECT Pro\u2122 y Z\u016bM eco-Set\u2122, as\u00ed como con otros auriculares para tel\u00e9fonos con un conector RJ11 para el auricular. El levantador remoto de auricular se adapta a su tel\u00e9fono y ha sido optimizado para usarse con nuestros auriculares inal\u00e1mbricos. Le permite contestar y colgar llamadas cuando est\u00e1 lejos de su escritorio con solo tocar un bot\u00f3n de encendido\/apagado en el auricular. El levantador de auricular es f\u00e1cil de instalar e incluye almohadillas de sujeci\u00f3n para asegurarlo a su tel\u00e9fono.<\/p>\n<p><strong>Caracter\u00edsticas del elevador de diadema remoto<\/strong><\/p>\n<ol>\n<li>Cord\u00f3n elevador.<\/li>\n<li>Barra de soporte ajustable.<\/li>\n<li>Brazo elevador.<\/li>\n<li>Sensor de detecci\u00f3n de anillos.<\/li>\n<li>Interruptor de ajuste de nivel de sonido de detecci\u00f3n de timbres.<\/li>\n<li>Palanca de ajuste de altura de elevaci\u00f3n.<\/li>\n<\/ol>\n<p><iframe src=\"https:\/\/www.youtube.com\/embed\/tblAjHD5vmQ?list=PLtqihkJu7u2xYIQxNaRmbc8Ge0P0NWQhX\" width=\"560\" height=\"315\" frameborder=\"0\"><\/iframe><\/p>\n<p>Parte# SPT-RHL2010<br \/>\nUPC 800807330146<br \/>\nPVP: $75.99 | Nuestro precio: $69.99 | Ahorras: $6.00<\/p>","protected":false},"excerpt":{"rendered":"<p>Precio de venta sugerido por el fabricante <s>$75.99<\/s><br \/>\n\u00a1Ahorras $6.00 del precio de venta sugerido por el fabricante!<\/p>\n<p>Spracht RHL-2010 Elevador de Auricular Remoto. Para Auriculares Maestro DECT y otros auriculares inal\u00e1mbricos para tel\u00e9fonos de escritorio con conectores RJ11. El Elevador de Auricular Remoto se ajusta en tu tel\u00e9fono para que puedas responder y finalizar llamadas desde tu auricular.<\/p>","protected":false},"featured_media":1560,"comment_status":"open","ping_status":"closed","template":"","meta":{"_kad_blocks_custom_css":"","_kad_blocks_head_custom_js":"","_kad_blocks_body_custom_js":"","_kad_blocks_footer_custom_js":"","_kad_post_transparent":"default","_kad_post_title":"","_kad_post_layout":"default","_kad_post_sidebar_id":"","_kad_post_content_style":"default","_kad_post_vertical_padding":"default","_kad_post_feature":"","_kad_post_feature_position":"","_kad_post_header":false,"_kad_post_footer":false,"_kad_post_classname":""},"product_brand":[],"product_cat":[37],"product_tag":[],"class_list":{"0":"post-1555","1":"product","2":"type-product","3":"status-publish","4":"has-post-thumbnail","6":"product_cat-desk-accessories","8":"first","9":"instock","10":"taxable","11":"shipping-taxable","12":"purchasable","13":"product-type-simple","14":"entry","15":"content-bg","16":"loop-entry"},"taxonomy_info":{"product_cat":[{"value":37,"label":"Desk Accessories"}]},"featured_image_src_large":["https:\/\/i0.wp.com\/spracht.com\/wp-content\/uploads\/2023\/07\/RHL-2010_5.jpg?fit=944%2C1024&ssl=1",944,1024,true],"author_info":[],"comment_info":0,"jetpack_sharing_enabled":true,"_links":{"self":[{"href":"https:\/\/spracht.com\/es\/wp-json\/wp\/v2\/product\/1555","targetHints":{"allow":["GET"]}}],"collection":[{"href":"https:\/\/spracht.com\/es\/wp-json\/wp\/v2\/product"}],"about":[{"href":"https:\/\/spracht.com\/es\/wp-json\/wp\/v2\/types\/product"}],"replies":[{"embeddable":true,"href":"https:\/\/spracht.com\/es\/wp-json\/wp\/v2\/comments?post=1555"}],"wp:featuredmedia":[{"embeddable":true,"href":"https:\/\/spracht.com\/es\/wp-json\/wp\/v2\/media\/1560"}],"wp:attachment":[{"href":"https:\/\/spracht.com\/es\/wp-json\/wp\/v2\/media?parent=1555"}],"wp:term":[{"taxonomy":"product_brand","embeddable":true,"href":"https:\/\/spracht.com\/es\/wp-json\/wp\/v2\/product_brand?post=1555"},{"taxonomy":"product_cat","embeddable":true,"href":"https:\/\/spracht.com\/es\/wp-json\/wp\/v2\/product_cat?post=1555"},{"taxonomy":"product_tag","embeddable":true,"href":"https:\/\/spracht.com\/es\/wp-json\/wp\/v2\/product_tag?post=1555"}],"curies":[{"name":"wp","href":"https:\/\/api.w.org\/{rel}","templated":true}]}}