{"id":1547,"date":"2023-05-11T17:30:00","date_gmt":"2023-05-12T00:30:00","guid":{"rendered":"https:\/\/spracht.com\/?post_type=product&#038;p=1547"},"modified":"2026-03-20T13:22:49","modified_gmt":"2026-03-20T20:22:49","slug":"wireless-charging-headset-stand","status":"publish","type":"product","link":"https:\/\/spracht.com\/es\/shop\/wireless-charging-headset-stand\/","title":{"rendered":"Soporte para aud\u00edfonos con carga inal\u00e1mbrica"},"content":{"rendered":"<p><strong>Ahorra espacio en tu escritorio mientras cargas tu tel\u00e9fono al mismo tiempo.<\/strong><\/p>\n<ul>\n<li>Carga r\u00e1pida a 10W con tu propio adaptador QC 2.0\/3.0, si tu tel\u00e9fono lo soporta (ver abajo). El adaptador no est\u00e1 incluido en la caja.<\/li>\n<li>Carga r\u00e1pida con tu propio adaptador QC 2.0\/3.0, a 7.5W, para iPhones que lo soporten.<\/li>\n<li>Modo de 5W compatible con todos los dispositivos con capacidad de carga inal\u00e1mbrica.<\/li>\n<li>Tambi\u00e9n puedes cargar otros dispositivos, como los auriculares Totally Wireless Earbuds, que permiten la carga inductiva.<\/li>\n<li>El soporte es lo suficientemente resistente como para sostener pr\u00e1cticamente cualquier tama\u00f1o de aud\u00edfono que desees colocar sobre \u00e9l.<\/li>\n<li>Se incluye un cable de carga micro USB en la caja. No se incluye adaptador de corriente.<\/li>\n<li>El elegante negro seguir\u00e1 luciendo limpio y sin rayones incluso con el uso diario.<\/li>\n<li>El anillo LED en la base te indicar\u00e1 cu\u00e1ndo el dispositivo se est\u00e1 cargando y cu\u00e1ndo la carga est\u00e1 completa.<\/li>\n<\/ul>\n<p><strong>Compatibilidad con tel\u00e9fonos<\/strong><\/p>\n<ul>\n<li>Carga r\u00e1pida a 10W: Samsung Galaxy Note 9, Note 8, S9, S9 Plus, S8, S8 Plus, S7, S7 Edge, S6 Edge Plus<\/li>\n<li>Carga r\u00e1pida de 7.5W para iPhone XS, iPhone XR, iPhone XS Max, iPhone X, iPhone 8, iPhone 8 Plus<\/li>\n<li>Otros smartphones con capacidad de carga inal\u00e1mbrica<\/li>\n<li>\u00dasalo con la mayor\u00eda de aud\u00edfonos al\u00e1mbricos e inal\u00e1mbricos.<\/li>\n<\/ul>\n<p><strong>Nota: No carga los auriculares.<\/strong><\/p>\n<p><strong>Especificaciones<\/strong><\/p>\n<ul>\n<li>Material: Aluminio anodizado, TPU y ABS<\/li>\n<li>(QC2.0\/3.0) CC 5.0V\/2A CC 9.0V\/1.8A<\/li>\n<li>Potencia: 5W \/ 7.5W \/ 10W<\/li>\n<li>Distancia de carga: 0.15\u201d a 0.4\u201d (\u2248 4-10mm)<\/li>\n<li>Eficiencia de carga: \u226572%<\/li>\n<li>Dimensiones del paquete: 12.7 cm de ancho x 22.86 cm de alto x 2.54 cm de profundidad<\/li>\n<li>Dimensiones del cart\u00f3n maestro: 18.5\u201d x 6.5\u201d x 5.7\u201d<\/li>\n<li>Peso Caja Master: 4.85 lb<\/li>\n<li>Cantidad de caja maestra: 10<\/li>\n<\/ul>\n<p>Parte# SPT-HSS2020<br \/>\nUPC 800807320079<br \/>\nPrecio de venta sugerido por el fabricante: $24.99 | Nuestro precio: $19.99 | Ahorras: $5.00<\/p>","protected":false},"excerpt":{"rendered":"<p>Precio de venta sugerido por el fabricante <s>$24.99<\/s><br \/>\n\u00a1Ahorras $5.00 del Precio de Venta Sugerido por el Fabricante!<\/p>\n<p>Soporte para aud\u00edfonos con carga inal\u00e1mbrica Spracht HSS-2020. Un soporte para tus aud\u00edfonos y cargador inal\u00e1mbrico para tu tel\u00e9fono. Modo de 5W compatible con todos los dispositivos aptos para carga inal\u00e1mbrica. Carga otros dispositivos, como aud\u00edfonos inal\u00e1mbricos (TW), que permitan carga inductiva.<\/p>","protected":false},"featured_media":1552,"comment_status":"open","ping_status":"closed","template":"","meta":{"_kad_blocks_custom_css":"","_kad_blocks_head_custom_js":"","_kad_blocks_body_custom_js":"","_kad_blocks_footer_custom_js":"","_kad_post_transparent":"default","_kad_post_title":"","_kad_post_layout":"default","_kad_post_sidebar_id":"","_kad_post_content_style":"default","_kad_post_vertical_padding":"default","_kad_post_feature":"","_kad_post_feature_position":"","_kad_post_header":false,"_kad_post_footer":false,"_kad_post_classname":""},"product_brand":[],"product_cat":[37],"product_tag":[],"class_list":{"0":"post-1547","1":"product","2":"type-product","3":"status-publish","4":"has-post-thumbnail","6":"product_cat-desk-accessories","8":"first","9":"instock","10":"taxable","11":"shipping-taxable","12":"purchasable","13":"product-type-simple","14":"entry","15":"content-bg","16":"loop-entry"},"taxonomy_info":{"product_cat":[{"value":37,"label":"Desk Accessories"}]},"featured_image_src_large":["https:\/\/i0.wp.com\/spracht.com\/wp-content\/uploads\/2023\/07\/HSS-2020_4.jpg?fit=944%2C1024&ssl=1",944,1024,true],"author_info":[],"comment_info":7,"jetpack_sharing_enabled":true,"_links":{"self":[{"href":"https:\/\/spracht.com\/es\/wp-json\/wp\/v2\/product\/1547","targetHints":{"allow":["GET"]}}],"collection":[{"href":"https:\/\/spracht.com\/es\/wp-json\/wp\/v2\/product"}],"about":[{"href":"https:\/\/spracht.com\/es\/wp-json\/wp\/v2\/types\/product"}],"replies":[{"embeddable":true,"href":"https:\/\/spracht.com\/es\/wp-json\/wp\/v2\/comments?post=1547"}],"wp:featuredmedia":[{"embeddable":true,"href":"https:\/\/spracht.com\/es\/wp-json\/wp\/v2\/media\/1552"}],"wp:attachment":[{"href":"https:\/\/spracht.com\/es\/wp-json\/wp\/v2\/media?parent=1547"}],"wp:term":[{"taxonomy":"product_brand","embeddable":true,"href":"https:\/\/spracht.com\/es\/wp-json\/wp\/v2\/product_brand?post=1547"},{"taxonomy":"product_cat","embeddable":true,"href":"https:\/\/spracht.com\/es\/wp-json\/wp\/v2\/product_cat?post=1547"},{"taxonomy":"product_tag","embeddable":true,"href":"https:\/\/spracht.com\/es\/wp-json\/wp\/v2\/product_tag?post=1547"}],"curies":[{"name":"wp","href":"https:\/\/api.w.org\/{rel}","templated":true}]}}