{"id":1541,"date":"2023-05-11T17:21:07","date_gmt":"2023-05-12T00:21:07","guid":{"rendered":"https:\/\/spracht.com\/?post_type=product&#038;p=1541"},"modified":"2026-03-20T12:06:41","modified_gmt":"2026-03-20T19:06:41","slug":"headset-stand","status":"publish","type":"product","link":"https:\/\/spracht.com\/es\/shop\/headset-stand\/","title":{"rendered":"Soporte para aud\u00edfonos"},"content":{"rendered":"<p><strong>Cuando no necesitas cargarlo pero a\u00fan quieres que tu \u00e1rea est\u00e9 organizada y ordenada.<\/strong><\/p>\n<ul>\n<li>La aleaci\u00f3n de aluminio luce elegante y mantendr\u00e1 su buen aspecto, adem\u00e1s de ser resistente a los ara\u00f1azos.<\/li>\n<li>El soporte es lo suficientemente resistente como para sostener pr\u00e1cticamente cualquier tama\u00f1o de aud\u00edfono que desees colocar sobre \u00e9l.<\/li>\n<\/ul>\n<p><strong>Especificaciones<\/strong><\/p>\n<ul>\n<li>Aleaci\u00f3n de aluminio<\/li>\n<li>Peso: 6,4oz (181 g)<\/li>\n<li>Dimensiones: 4.25\u201dx 4.25\u201d x 9.9\u201d (108x108x252mm)<\/li>\n<li>Dimensiones del paquete: 5.5\u201d ancho x 10.25\u201d alto x 0.75\u201d profundidad<\/li>\n<li>Dimensiones del cart\u00f3n maestro: 21.3\u201d x 5.8\u201d x 4.1\u201d<\/li>\n<li>Peso de la caja principal: 6.2 lb<\/li>\n<li>Cantidad de caja maestra: 10<\/li>\n<\/ul>\n<p>Parte# SPT-HSS2010<br \/>\nUPC 800807320062<br \/>\nPVP: $19.99 | Nuestro precio: $17.99 | Ahorra: $2.00<\/p>","protected":false},"excerpt":{"rendered":"<p>Precio de venta sugerido por el fabricante <s>$19.99<\/s><br \/>\n\u00a1Ahorras $2.00 del Precio de Venta Sugerido por el Fabricante!<\/p>\n<p>Soporte para aud\u00edfonos Spracht HSS-2010. La aleaci\u00f3n de aluminio luce elegante y resiste rayones. Mant\u00e9n tu escritorio ordenado \u2013 Coloca tus aud\u00edfonos en el soporte. Lo suficientemente resistente para sostener pr\u00e1cticamente cualquier aud\u00edfono que quieras colocar en \u00e9l.<\/p>","protected":false},"featured_media":1545,"comment_status":"open","ping_status":"closed","template":"","meta":{"_kad_blocks_custom_css":"","_kad_blocks_head_custom_js":"","_kad_blocks_body_custom_js":"","_kad_blocks_footer_custom_js":"","_kad_post_transparent":"default","_kad_post_title":"","_kad_post_layout":"default","_kad_post_sidebar_id":"","_kad_post_content_style":"default","_kad_post_vertical_padding":"default","_kad_post_feature":"","_kad_post_feature_position":"","_kad_post_header":false,"_kad_post_footer":false,"_kad_post_classname":""},"product_brand":[],"product_cat":[37],"product_tag":[],"class_list":{"0":"post-1541","1":"product","2":"type-product","3":"status-publish","4":"has-post-thumbnail","6":"product_cat-desk-accessories","8":"first","9":"outofstock","10":"taxable","11":"shipping-taxable","12":"purchasable","13":"product-type-simple","14":"entry","15":"content-bg","16":"loop-entry"},"taxonomy_info":{"product_cat":[{"value":37,"label":"Desk Accessories"}]},"featured_image_src_large":["https:\/\/i0.wp.com\/spracht.com\/wp-content\/uploads\/2023\/07\/HSS-2010_4.jpg?fit=944%2C1024&ssl=1",944,1024,true],"author_info":[],"comment_info":25,"jetpack_sharing_enabled":true,"_links":{"self":[{"href":"https:\/\/spracht.com\/es\/wp-json\/wp\/v2\/product\/1541","targetHints":{"allow":["GET"]}}],"collection":[{"href":"https:\/\/spracht.com\/es\/wp-json\/wp\/v2\/product"}],"about":[{"href":"https:\/\/spracht.com\/es\/wp-json\/wp\/v2\/types\/product"}],"replies":[{"embeddable":true,"href":"https:\/\/spracht.com\/es\/wp-json\/wp\/v2\/comments?post=1541"}],"wp:featuredmedia":[{"embeddable":true,"href":"https:\/\/spracht.com\/es\/wp-json\/wp\/v2\/media\/1545"}],"wp:attachment":[{"href":"https:\/\/spracht.com\/es\/wp-json\/wp\/v2\/media?parent=1541"}],"wp:term":[{"taxonomy":"product_brand","embeddable":true,"href":"https:\/\/spracht.com\/es\/wp-json\/wp\/v2\/product_brand?post=1541"},{"taxonomy":"product_cat","embeddable":true,"href":"https:\/\/spracht.com\/es\/wp-json\/wp\/v2\/product_cat?post=1541"},{"taxonomy":"product_tag","embeddable":true,"href":"https:\/\/spracht.com\/es\/wp-json\/wp\/v2\/product_tag?post=1541"}],"curies":[{"name":"wp","href":"https:\/\/api.w.org\/{rel}","templated":true}]}}