{"id":1531,"date":"2023-05-11T16:58:26","date_gmt":"2023-05-11T23:58:26","guid":{"rendered":"https:\/\/spracht.com\/?post_type=product&#038;p=1531"},"modified":"2025-10-27T01:15:14","modified_gmt":"2025-10-27T08:15:14","slug":"ehs-cables-electronic-hook-switch-2005","status":"publish","type":"product","link":"https:\/\/spracht.com\/es\/shop\/ehs-cables-electronic-hook-switch-2005\/","title":{"rendered":"Cables EHS (Interruptor Electr\u00f3nico de Gancho 2005)"},"content":{"rendered":"<p><strong>Cables de conmutador electr\u00f3nico (EHS)<\/strong><\/p>\n<p>Llamadas manos libres, responde y cuelga tus llamadas de forma remota<\/p>\n<p>Para usar con los auriculares DECT Z\u016bM Maestro* HS-2018, HS-2019 y HS-2020<br \/>\n*Tambi\u00e9n funciona con algunos auriculares Jabra DECT para tel\u00e9fonos de escritorio<\/p>\n<p><strong>Modelo<\/strong>:<\/p>\n<ul>\n<li>Avaya(34)<\/li>\n<li>Shoretel(8)<\/li>\n<li>Toshiba(32)<\/li>\n<\/ul>\n<p>Parte# SPT-EHS2005<br \/>\nUPC 800807350045<br \/>\nPrecio de venta sugerido: $69.99 | Nuestro precio: $47.99 | Ahorra: $22.00<\/p>","protected":false},"excerpt":{"rendered":"<p>Precio de venta sugerido por el fabricante <s>$69.99<\/s><br \/>\n\u00a1Ahorra $22.00 del Precio de Venta Sugerido por el Fabricante!<\/p>\n<p>Cable EHS Spracht EHS-2005 para tel\u00e9fonos Avaya, Shoretel y Toshiba. Cables de conmutador electr\u00f3nico (EHS). Llamadas manos libres, responde y cuelga tus llamadas de forma remota desde tus auriculares. Tel\u00e9fonos: Avaya (34 modelos), Shoretel (8), Toshiba (32).<\/p>","protected":false},"featured_media":1523,"comment_status":"open","ping_status":"closed","template":"","meta":{"_kad_blocks_custom_css":"","_kad_blocks_head_custom_js":"","_kad_blocks_body_custom_js":"","_kad_blocks_footer_custom_js":"","_kad_post_transparent":"default","_kad_post_title":"","_kad_post_layout":"default","_kad_post_sidebar_id":"","_kad_post_content_style":"default","_kad_post_vertical_padding":"default","_kad_post_feature":"","_kad_post_feature_position":"","_kad_post_header":false,"_kad_post_footer":false,"_kad_post_classname":""},"product_brand":[],"product_cat":[37],"product_tag":[],"class_list":{"0":"post-1531","1":"product","2":"type-product","3":"status-publish","4":"has-post-thumbnail","6":"product_cat-desk-accessories","8":"first","9":"instock","10":"taxable","11":"shipping-taxable","12":"purchasable","13":"product-type-simple","14":"entry","15":"content-bg","16":"loop-entry"},"taxonomy_info":{"product_cat":[{"value":37,"label":"Desk Accessories"}]},"featured_image_src_large":["https:\/\/i0.wp.com\/spracht.com\/wp-content\/uploads\/2023\/07\/EHS2005_4032x3024.jpg?fit=944%2C1024&ssl=1",944,1024,true],"author_info":[],"comment_info":0,"jetpack_sharing_enabled":true,"_links":{"self":[{"href":"https:\/\/spracht.com\/es\/wp-json\/wp\/v2\/product\/1531","targetHints":{"allow":["GET"]}}],"collection":[{"href":"https:\/\/spracht.com\/es\/wp-json\/wp\/v2\/product"}],"about":[{"href":"https:\/\/spracht.com\/es\/wp-json\/wp\/v2\/types\/product"}],"replies":[{"embeddable":true,"href":"https:\/\/spracht.com\/es\/wp-json\/wp\/v2\/comments?post=1531"}],"wp:featuredmedia":[{"embeddable":true,"href":"https:\/\/spracht.com\/es\/wp-json\/wp\/v2\/media\/1523"}],"wp:attachment":[{"href":"https:\/\/spracht.com\/es\/wp-json\/wp\/v2\/media?parent=1531"}],"wp:term":[{"taxonomy":"product_brand","embeddable":true,"href":"https:\/\/spracht.com\/es\/wp-json\/wp\/v2\/product_brand?post=1531"},{"taxonomy":"product_cat","embeddable":true,"href":"https:\/\/spracht.com\/es\/wp-json\/wp\/v2\/product_cat?post=1531"},{"taxonomy":"product_tag","embeddable":true,"href":"https:\/\/spracht.com\/es\/wp-json\/wp\/v2\/product_tag?post=1531"}],"curies":[{"name":"wp","href":"https:\/\/api.w.org\/{rel}","templated":true}]}}