{"id":1514,"date":"2023-07-11T16:47:07","date_gmt":"2023-07-11T23:47:07","guid":{"rendered":"https:\/\/spracht.com\/?post_type=product&#038;p=1514"},"modified":"2025-10-27T00:22:26","modified_gmt":"2025-10-27T07:22:26","slug":"zum-wd-usb2-headset-binaural","status":"publish","type":"product","link":"https:\/\/spracht.com\/es\/shop\/zum-wd-usb2-headset-binaural\/","title":{"rendered":"Z\u016bM-WD-USB2\u2122 Auricular Binaural"},"content":{"rendered":"<p><strong>Comodidad y Durabilidad <\/strong><\/p>\n<p>Las almohadillas grandes, cubiertas de cuero sint\u00e9tico, significan comodidad y durabilidad. El brazo del micr\u00f3fono es completamente flexible para que puedas ajustarlo para la mejor colocaci\u00f3n. El brazo tambi\u00e9n gira para que el micr\u00f3fono y el cable puedan estar a tu derecha o izquierda. Dise\u00f1adas para un uso prolongado, las c\u00e1maras de altavoz grandes cubren la mayor\u00eda de los tama\u00f1os de orejas c\u00f3modamente.<\/p>\n<p>ZUM-WD-USB-2 proporciona cancelaci\u00f3n de ruido para su uso en entornos concurridos. El controlador en l\u00ednea en el cable del auricular permite ajustar el volumen y silenciar el altavoz y el micr\u00f3fono.<\/p>\n<p><strong>Caracter\u00edsticas del Aud\u00edfono Binaural Z\u016bM-WD-USB2\u2122<\/strong><\/p>\n<ol>\n<li>Compatibilidad: Computadoras y laptops PC\/Mac a trav\u00e9s de USB para Zoom, Microsoft Teams, Skype, Google Meet y otras aplicaciones de VoIP.<\/li>\n<li>Dise\u00f1o estructural duradero, ideal para situaciones de uso intensivo.<\/li>\n<li>Brazos de micr\u00f3fono flexibles para ajustes infinitos.<\/li>\n<li>Potentes altavoces de 40 mm para un sonido de m\u00e1xima calidad<\/li>\n<li>Micr\u00f3fono con cancelaci\u00f3n de ruido<\/li>\n<li>El control en l\u00ednea tiene control de volumen arriba\/abajo, silencio de micr\u00f3fono y silencio de altavoz.<\/li>\n<\/ol>\n<p>Parte# SPT-ZUMWDUSB2<br \/>\nUPC 800807320864<br \/>\nPrecio de venta sugerido: $69.99 | Nuestro Precio: $49.99 | Ahorra: $20.00<\/p>","protected":false},"excerpt":{"rendered":"<p>Precio de venta sugerido por el fabricante <s>$69.99<\/s><br \/>\n\u00a1Ahorras $20.00 sobre el precio de venta sugerido por el fabricante!<\/p>\n<p>Auriculares Spracht ZUM-WD-USB-2\u2122. Auriculares al\u00e1mbricos USB de doble pabell\u00f3n para softphone con PC\/Mac para Zoom, Teams y otras aplicaciones VoIP. Potentes altavoces de 40 mm con grandes almohadillas de cuero sint\u00e9tico. Micr\u00f3fono con cancelaci\u00f3n de ruido y brazo de micr\u00f3fono flexible.<\/p>","protected":false},"featured_media":1519,"comment_status":"open","ping_status":"closed","template":"","meta":{"_kad_blocks_custom_css":"","_kad_blocks_head_custom_js":"","_kad_blocks_body_custom_js":"","_kad_blocks_footer_custom_js":"","_kad_post_transparent":"default","_kad_post_title":"","_kad_post_layout":"default","_kad_post_sidebar_id":"","_kad_post_content_style":"default","_kad_post_vertical_padding":"default","_kad_post_feature":"","_kad_post_feature_position":"","_kad_post_header":false,"_kad_post_footer":false,"_kad_post_classname":""},"product_brand":[],"product_cat":[36],"product_tag":[],"class_list":{"0":"post-1514","1":"product","2":"type-product","3":"status-publish","4":"has-post-thumbnail","6":"product_cat-corded-headsets","8":"first","9":"instock","10":"taxable","11":"shipping-taxable","12":"purchasable","13":"product-type-simple","14":"entry","15":"content-bg","16":"loop-entry"},"taxonomy_info":{"product_cat":[{"value":36,"label":"Corded Headsets"}]},"featured_image_src_large":["https:\/\/i0.wp.com\/spracht.com\/wp-content\/uploads\/2023\/07\/ZUM-WD-USB-2_5.jpg?fit=944%2C1024&ssl=1",944,1024,true],"author_info":[],"comment_info":0,"jetpack_sharing_enabled":true,"_links":{"self":[{"href":"https:\/\/spracht.com\/es\/wp-json\/wp\/v2\/product\/1514","targetHints":{"allow":["GET"]}}],"collection":[{"href":"https:\/\/spracht.com\/es\/wp-json\/wp\/v2\/product"}],"about":[{"href":"https:\/\/spracht.com\/es\/wp-json\/wp\/v2\/types\/product"}],"replies":[{"embeddable":true,"href":"https:\/\/spracht.com\/es\/wp-json\/wp\/v2\/comments?post=1514"}],"wp:featuredmedia":[{"embeddable":true,"href":"https:\/\/spracht.com\/es\/wp-json\/wp\/v2\/media\/1519"}],"wp:attachment":[{"href":"https:\/\/spracht.com\/es\/wp-json\/wp\/v2\/media?parent=1514"}],"wp:term":[{"taxonomy":"product_brand","embeddable":true,"href":"https:\/\/spracht.com\/es\/wp-json\/wp\/v2\/product_brand?post=1514"},{"taxonomy":"product_cat","embeddable":true,"href":"https:\/\/spracht.com\/es\/wp-json\/wp\/v2\/product_cat?post=1514"},{"taxonomy":"product_tag","embeddable":true,"href":"https:\/\/spracht.com\/es\/wp-json\/wp\/v2\/product_tag?post=1514"}],"curies":[{"name":"wp","href":"https:\/\/api.w.org\/{rel}","templated":true}]}}