{"id":1500,"date":"2023-07-11T16:18:48","date_gmt":"2023-07-11T23:18:48","guid":{"rendered":"https:\/\/spracht.com\/?post_type=product&#038;p=1500"},"modified":"2025-10-28T02:17:10","modified_gmt":"2025-10-28T09:17:10","slug":"zum350-3-5mm-2-5mm-binaural-headset","status":"publish","type":"product","link":"https:\/\/spracht.com\/es\/shop\/zum350-3-5mm-2-5mm-binaural-headset\/","title":{"rendered":"Z\u016bM350\u2122 Auriculares biaurales de 3,5 mm y 2,5 mm"},"content":{"rendered":"<p><strong>Salida de audio est\u00e9reo <\/strong><\/p>\n<p>Dise\u00f1ados espec\u00edficamente para tel\u00e9fonos m\u00f3viles, tabletas y computadoras, y la gran base instalada de tel\u00e9fonos de escritorio con puertos para aud\u00edfonos con conector de audio. Junto con un micr\u00f3fono con cancelaci\u00f3n de ruido, ofrecen audio de alta calidad. El altavoz de 40 mm proporciona una potente salida de sonido. Se incluyen pines de conector de audio de 3.5 mm y 2.5 mm para compatibilidad universal.<\/p>\n<p><strong>Duradero, F\u00e1cil de Usar y C\u00f3modo <\/strong><\/p>\n<p>Diadema c\u00f3moda y flexible para colocar sobre la cabeza con un brazo de micr\u00f3fono flexible. Materiales de calidad profesional, como coj\u00edn de cuero sint\u00e9tico, para mayor durabilidad y comodidad.<\/p>\n<p><strong>Caracter\u00edsticas del diadema binaural Z\u016bM350\u2122 de 3.5 mm y 2.5 mm<\/strong><\/p>\n<ol>\n<li>Compatibilidad: Dispositivos con puerto de audio Jack de 3.5mm o 2.5mm: Computadoras (PC\/MAC), Smartphones y Tablets, iOS y Android. Tel\u00e9fonos de escritorio con puerto de audio.<\/li>\n<li>C\u00f3modo y resistente, con diadema retr\u00e1ctil.<\/li>\n<li>Potentes altavoces de banda ancha de 40 mm con bajos realzados.<\/li>\n<li>Los auriculares Binaural ofrecen salida est\u00e9reo completa en lugar de la salida est\u00e1ndar de unos auriculares de tel\u00e9fono.<\/li>\n<li>Micr\u00f3fono con cancelaci\u00f3n de ruido.<\/li>\n<li>Ambas versiones, monaural y binaural, disponibles.<\/li>\n<li>Micr\u00f3fono con brazo flexible.<\/li>\n<\/ol>\n<p>Parte# SPT-ZUM350B<br \/>\nUPC 800807320581<\/p>","protected":false},"excerpt":{"rendered":"<p>Spracht Z\u016bM 350B\u2122 Aud\u00edfono Est\u00e9reo de 3.5mm y 2.5mm, Aud\u00edfono Universal Multimedia de 3.5\/2.5mm. Aud\u00edfono Est\u00e9reo Binaural (Dos Orejas). Para tel\u00e9fonos m\u00f3viles, tabletas y computadoras, y tel\u00e9fonos de escritorio con puertos jack de audio para aud\u00edfonos. Micr\u00f3fono con cancelaci\u00f3n de ruido.<\/p>","protected":false},"featured_media":1505,"comment_status":"open","ping_status":"closed","template":"","meta":{"_kad_blocks_custom_css":"","_kad_blocks_head_custom_js":"","_kad_blocks_body_custom_js":"","_kad_blocks_footer_custom_js":"","_kad_post_transparent":"default","_kad_post_title":"","_kad_post_layout":"default","_kad_post_sidebar_id":"","_kad_post_content_style":"default","_kad_post_vertical_padding":"default","_kad_post_feature":"","_kad_post_feature_position":"","_kad_post_header":false,"_kad_post_footer":false,"_kad_post_classname":""},"product_brand":[],"product_cat":[36],"product_tag":[],"class_list":{"0":"post-1500","1":"product","2":"type-product","3":"status-publish","4":"has-post-thumbnail","6":"product_cat-corded-headsets","8":"first","9":"instock","10":"taxable","11":"shipping-taxable","12":"purchasable","13":"product-type-simple","14":"entry","15":"content-bg","16":"loop-entry"},"taxonomy_info":{"product_cat":[{"value":36,"label":"Corded Headsets"}]},"featured_image_src_large":["https:\/\/i0.wp.com\/spracht.com\/wp-content\/uploads\/2023\/07\/Zum350B_5.jpg?fit=944%2C1024&ssl=1",944,1024,true],"author_info":[],"comment_info":0,"jetpack_sharing_enabled":true,"_links":{"self":[{"href":"https:\/\/spracht.com\/es\/wp-json\/wp\/v2\/product\/1500","targetHints":{"allow":["GET"]}}],"collection":[{"href":"https:\/\/spracht.com\/es\/wp-json\/wp\/v2\/product"}],"about":[{"href":"https:\/\/spracht.com\/es\/wp-json\/wp\/v2\/types\/product"}],"replies":[{"embeddable":true,"href":"https:\/\/spracht.com\/es\/wp-json\/wp\/v2\/comments?post=1500"}],"wp:featuredmedia":[{"embeddable":true,"href":"https:\/\/spracht.com\/es\/wp-json\/wp\/v2\/media\/1505"}],"wp:attachment":[{"href":"https:\/\/spracht.com\/es\/wp-json\/wp\/v2\/media?parent=1500"}],"wp:term":[{"taxonomy":"product_brand","embeddable":true,"href":"https:\/\/spracht.com\/es\/wp-json\/wp\/v2\/product_brand?post=1500"},{"taxonomy":"product_cat","embeddable":true,"href":"https:\/\/spracht.com\/es\/wp-json\/wp\/v2\/product_cat?post=1500"},{"taxonomy":"product_tag","embeddable":true,"href":"https:\/\/spracht.com\/es\/wp-json\/wp\/v2\/product_tag?post=1500"}],"curies":[{"name":"wp","href":"https:\/\/api.w.org\/{rel}","templated":true}]}}