{"id":1495,"date":"2023-07-11T16:15:40","date_gmt":"2023-07-11T23:15:40","guid":{"rendered":"https:\/\/spracht.com\/?post_type=product&#038;p=1495"},"modified":"2025-10-27T00:26:48","modified_gmt":"2025-10-27T07:26:48","slug":"hs-wd-usb-2-binaural-headset","status":"publish","type":"product","link":"https:\/\/spracht.com\/es\/shop\/hs-wd-usb-2-binaural-headset\/","title":{"rendered":"HS-WD-USB-2\u2122 Auriculares biaurales"},"content":{"rendered":"<p>Ahora que usas Zoom y otras aplicaciones de conferencias todo el tiempo, sabes lo importante que es tener aud\u00edfonos que se sientan c\u00f3modos y suenen genial. Estos aud\u00edfonos USB est\u00e1n hechos espec\u00edficamente para ofrecer comodidad y una calidad de audio superior.<\/p>\n<p>Los aud\u00edfonos ligeros de una oreja y de doble oreja cuentan con almohadillas de cuero sint\u00e9tico ultrasuaves y un brazo giratorio de 360\u00b0, para que puedas colocar el micr\u00f3fono y el cable en cualquier lado.<\/p>\n<p>Ideal for busy environments, the noise canceling mic blocks up to 80% of background noise for clear sound to your listeners. 40mm speakers give you top quality audio.<\/p>\n<p>Compatibles con computadoras y laptops PC\/Mac, estos auriculares son ideales para personas que pasan mucho tiempo en aplicaciones de conferencias y sistemas de telefon\u00eda VoIP Softphone.<\/p>\n<p><strong>Caracter\u00edsticas del auricular binaural HS-WD-USB-2\u2122<\/strong><\/p>\n<ol>\n<li>Compatibilidad: computadoras y laptops PC\/Mac para Softphone v\u00eda USB para Zoom, Skype\u2122, Skype para Business, 3CX y otras aplicaciones de conferencias y VoIP.<\/li>\n<li>Protecci\u00f3n incorporada tipo disyuntor contra picos repentinos de volumen del altavoz.<\/li>\n<li>Almohadillas para los o\u00eddos cubiertas de cuero sint\u00e9tico suave y c\u00f3modo.<\/li>\n<li>El brazo del micr\u00f3fono gira 360 grados para que el micr\u00f3fono y el cable se puedan colocar en el lado izquierdo o derecho.<\/li>\n<li>Potentes altavoces de 40\u00a0mm y procesamiento digital de se\u00f1ales para un sonido de m\u00e1xima calidad.<\/li>\n<li>Micr\u00f3fono con cancelaci\u00f3n de ruido, hasta 80% de ruido de fondo.<\/li>\n<li>Volumen, silencio y controles de conexi\u00f3n pr\u00e1cticos en el cable.<\/li>\n<\/ol>\n<p>Parte# SPT-HSWDUSB2<br \/>\nUPC 800807320840<br \/>\nPVP: $112.99 | Nuestro precio: $99.99 | Ahorra: $20.00<\/p>","protected":false},"excerpt":{"rendered":"<p>Precio de venta sugerido por el fabricante <s>$112.99<\/s><br \/>\n\u00a1Ahorras $20.00 sobre el precio de venta sugerido por el fabricante!<\/p>\n<p>Auriculares Spracht HS-WD-USB-2\u2122, Auriculares USB Doble para Softphone para PC\/Mac. Con cable. Micr\u00f3fono con cancelaci\u00f3n de ruido. El brazo del micr\u00f3fono gira 360\u00b0 para que el micr\u00f3fono y el cable puedan colocarse en el lado izquierdo o derecho. C\u00f3modos cojines para los o\u00eddos cubiertos de cuero sint\u00e9tico.<\/p>","protected":false},"featured_media":1497,"comment_status":"open","ping_status":"closed","template":"","meta":{"_kad_blocks_custom_css":"","_kad_blocks_head_custom_js":"","_kad_blocks_body_custom_js":"","_kad_blocks_footer_custom_js":"","_kad_post_transparent":"default","_kad_post_title":"","_kad_post_layout":"default","_kad_post_sidebar_id":"","_kad_post_content_style":"default","_kad_post_vertical_padding":"default","_kad_post_feature":"","_kad_post_feature_position":"","_kad_post_header":false,"_kad_post_footer":false,"_kad_post_classname":""},"product_brand":[],"product_cat":[36],"product_tag":[],"class_list":{"0":"post-1495","1":"product","2":"type-product","3":"status-publish","4":"has-post-thumbnail","6":"product_cat-corded-headsets","8":"first","9":"instock","10":"taxable","11":"shipping-taxable","12":"purchasable","13":"product-type-simple","14":"entry","15":"content-bg","16":"loop-entry"},"taxonomy_info":{"product_cat":[{"value":36,"label":"Corded Headsets"}]},"featured_image_src_large":["https:\/\/i0.wp.com\/spracht.com\/wp-content\/uploads\/2023\/07\/HS-WD-USB-2_2.jpg?fit=944%2C1024&ssl=1",944,1024,true],"author_info":[],"comment_info":0,"jetpack_sharing_enabled":true,"_links":{"self":[{"href":"https:\/\/spracht.com\/es\/wp-json\/wp\/v2\/product\/1495","targetHints":{"allow":["GET"]}}],"collection":[{"href":"https:\/\/spracht.com\/es\/wp-json\/wp\/v2\/product"}],"about":[{"href":"https:\/\/spracht.com\/es\/wp-json\/wp\/v2\/types\/product"}],"replies":[{"embeddable":true,"href":"https:\/\/spracht.com\/es\/wp-json\/wp\/v2\/comments?post=1495"}],"wp:featuredmedia":[{"embeddable":true,"href":"https:\/\/spracht.com\/es\/wp-json\/wp\/v2\/media\/1497"}],"wp:attachment":[{"href":"https:\/\/spracht.com\/es\/wp-json\/wp\/v2\/media?parent=1495"}],"wp:term":[{"taxonomy":"product_brand","embeddable":true,"href":"https:\/\/spracht.com\/es\/wp-json\/wp\/v2\/product_brand?post=1495"},{"taxonomy":"product_cat","embeddable":true,"href":"https:\/\/spracht.com\/es\/wp-json\/wp\/v2\/product_cat?post=1495"},{"taxonomy":"product_tag","embeddable":true,"href":"https:\/\/spracht.com\/es\/wp-json\/wp\/v2\/product_tag?post=1495"}],"curies":[{"name":"wp","href":"https:\/\/api.w.org\/{rel}","templated":true}]}}