{"id":1483,"date":"2023-07-11T16:05:30","date_gmt":"2023-07-11T23:05:30","guid":{"rendered":"https:\/\/spracht.com\/?post_type=product&#038;p=1483"},"modified":"2026-03-23T04:54:14","modified_gmt":"2026-03-23T11:54:14","slug":"zum-3500-headset-binaural","status":"publish","type":"product","link":"https:\/\/spracht.com\/es\/shop\/zum-3500-headset-binaural\/","title":{"rendered":"Z\u016bM 3500\u2122 Auricular Binaural"},"content":{"rendered":"<p><strong>Salida de audio est\u00e9reo<\/strong><\/p>\n<p>Dise\u00f1ados para uso de alta demanda. Los altavoces est\u00e9reo de banda ancha de 40 mm con refuerzo de graves ofrecen una excelente calidad de sonido. Combinados con un micr\u00f3fono con cancelaci\u00f3n de ruido, ofrecen audio de alta calidad. Compatibilidad Plug and Play para todos los sistemas Windows, Mac y Linux, por lo que no se necesita software ni controladores especiales. Simplemente con\u00e9ctelos y estar\u00e1n listos para usar.<\/p>\n<p><strong>Duradero, F\u00e1cil de Usar y C\u00f3modo <\/strong><\/p>\n<p>C\u00f3moda diadema superior flexible con brazo de micr\u00f3fono ajustable. El controlador en l\u00ednea incluye funci\u00f3n de silencio junto con control de volumen. Materiales de calidad profesional para durabilidad y comodidad.<\/p>\n<p><strong>Caracter\u00edsticas del aud\u00edfono binaural Z\u016bM 3500\u2122<\/strong><\/p>\n<ol>\n<li>Compatibilidad: Computadoras, PC\/MAC, v\u00eda USB; Smartphones y Tablets, iOS y Android, usando pin de 3.5mm. No para tel\u00e9fonos de escritorio.<\/li>\n<li>Conectar y usar, sin drivers.<\/li>\n<li>Potentes altavoces de banda ancha de 40 mm con bajos realzados.<\/li>\n<li>Salida est\u00e9reo completa en lugar de binaural est\u00e1ndar de un auricular de tel\u00e9fono.<\/li>\n<li>Micr\u00f3fono con cancelaci\u00f3n de ruido.<\/li>\n<li>Compatible con Skype\u2122 y otras aplicaciones de VoIP; no compatible con Skype for Business (Lync).<\/li>\n<\/ol>\n<p>Parte# SPT-ZUM3500<br \/>\nUPC 800807320239<br \/>\nPVP: $59.99 | Nuestro precio: $49.99 | Ahorra: $10.00<\/p>","protected":false},"excerpt":{"rendered":"<p>Precio de venta sugerido por el fabricante <s>$59.99<\/s><br \/>\n\u00a1Ahorras $$10.00 del Precio de Venta Sugerido por el Fabricante!<\/p>\n<p>Auriculares est\u00e9reo Spracht Z\u016bM 3500\u2122 de 3.5mm y USB. Conector de 3.5mm y adaptador USB para computadoras\/smartphones\/tablets. Doble aud\u00edfono con salida est\u00e9reo completa. Micr\u00f3fono con cancelaci\u00f3n de ruido. Compatible con Zoom, Teams, Skype, no compatible con Skype for Business (Lync).<\/p>","protected":false},"featured_media":1489,"comment_status":"open","ping_status":"closed","template":"","meta":{"_kad_blocks_custom_css":"","_kad_blocks_head_custom_js":"","_kad_blocks_body_custom_js":"","_kad_blocks_footer_custom_js":"","_kad_post_transparent":"default","_kad_post_title":"","_kad_post_layout":"default","_kad_post_sidebar_id":"","_kad_post_content_style":"default","_kad_post_vertical_padding":"default","_kad_post_feature":"","_kad_post_feature_position":"","_kad_post_header":false,"_kad_post_footer":false,"_kad_post_classname":""},"product_brand":[],"product_cat":[36],"product_tag":[],"class_list":{"0":"post-1483","1":"product","2":"type-product","3":"status-publish","4":"has-post-thumbnail","6":"product_cat-corded-headsets","8":"first","9":"instock","10":"taxable","11":"shipping-taxable","12":"purchasable","13":"product-type-simple","14":"entry","15":"content-bg","16":"loop-entry"},"taxonomy_info":{"product_cat":[{"value":36,"label":"Corded Headsets"}]},"featured_image_src_large":["https:\/\/i0.wp.com\/spracht.com\/wp-content\/uploads\/2023\/07\/Zum3500_6.jpg?fit=944%2C1024&ssl=1",944,1024,true],"author_info":[],"comment_info":104,"jetpack_sharing_enabled":true,"_links":{"self":[{"href":"https:\/\/spracht.com\/es\/wp-json\/wp\/v2\/product\/1483","targetHints":{"allow":["GET"]}}],"collection":[{"href":"https:\/\/spracht.com\/es\/wp-json\/wp\/v2\/product"}],"about":[{"href":"https:\/\/spracht.com\/es\/wp-json\/wp\/v2\/types\/product"}],"replies":[{"embeddable":true,"href":"https:\/\/spracht.com\/es\/wp-json\/wp\/v2\/comments?post=1483"}],"wp:featuredmedia":[{"embeddable":true,"href":"https:\/\/spracht.com\/es\/wp-json\/wp\/v2\/media\/1489"}],"wp:attachment":[{"href":"https:\/\/spracht.com\/es\/wp-json\/wp\/v2\/media?parent=1483"}],"wp:term":[{"taxonomy":"product_brand","embeddable":true,"href":"https:\/\/spracht.com\/es\/wp-json\/wp\/v2\/product_brand?post=1483"},{"taxonomy":"product_cat","embeddable":true,"href":"https:\/\/spracht.com\/es\/wp-json\/wp\/v2\/product_cat?post=1483"},{"taxonomy":"product_tag","embeddable":true,"href":"https:\/\/spracht.com\/es\/wp-json\/wp\/v2\/product_tag?post=1483"}],"curies":[{"name":"wp","href":"https:\/\/api.w.org\/{rel}","templated":true}]}}