{"id":1469,"date":"2023-07-11T15:57:13","date_gmt":"2023-07-11T22:57:13","guid":{"rendered":"https:\/\/spracht.com\/?post_type=product&#038;p=1469"},"modified":"2026-04-02T08:29:07","modified_gmt":"2026-04-02T15:29:07","slug":"zum-rj9-headset-binaural","status":"publish","type":"product","link":"https:\/\/spracht.com\/es\/shop\/zum-rj9-headset-binaural\/","title":{"rendered":"Auriculares Z\u016bM RJ9\u2122 Binaurales"},"content":{"rendered":"<p><strong>Hecho para tel\u00e9fonos con puerto de aud\u00edfono RJ9<\/strong><\/p>\n<p>Un aud\u00edfono al\u00e1mbrico f\u00e1cil de usar que se conecta directamente a tu tel\u00e9fono. Con un micr\u00f3fono robusto con cancelaci\u00f3n de ruido que filtra el 90% del ruido de fondo, tu voz ser\u00e1 lo \u00fanico que escuchen. La frecuencia de audio de banda ancha har\u00e1 que tu voz suene m\u00e1s natural. El brazo del micr\u00f3fono en la versi\u00f3n Monaural rota 300\u00b0, por lo que puedes usar el aud\u00edfono en cualquiera de las orejas.<\/p>\n<p><strong>Duradero, F\u00e1cil de Usar y C\u00f3modo <\/strong><\/p>\n<p>La c\u00f3moda almohadilla para los o\u00eddos de cuero y espuma proporciona durabilidad y comodidad. Est\u00e1s protegido autom\u00e1ticamente contra aumentos repentinos de volumen.<\/p>\n<p><strong>Caracter\u00edsticas del auricular Z\u016bM RJ9\u2122 Binaural<\/strong><\/p>\n<ol>\n<li>Compatibilidad: Tel\u00e9fonos de escritorio. No para computadoras. No para smartphones o tabletas.<\/li>\n<li>C\u00f3modo y resistente, con almohadilla para los o\u00eddos de cuero\/espuma.<\/li>\n<li>Cable inteligente en l\u00ednea para conectar a muchos modelos de tel\u00e9fono.<\/li>\n<li>El micr\u00f3fono con cancelaci\u00f3n de ruido filtra el% del ruido de fondo.<\/li>\n<li>Audio de banda ancha para una voz con sonido m\u00e1s natural.<\/li>\n<li>El brazo del micr\u00f3fono gira 300\u00b0 en la versi\u00f3n Monaural para permitir usarlo en cualquiera de las orejas.<\/li>\n<li>Compatible con muchos tel\u00e9fonos diferentes que usan el puerto para auriculares RJ-9. Ver parte posterior.<\/li>\n<\/ol>\n<p>Parte# SPT-ZUMRJ9B<br \/>\nUPC 800807320628<br \/>\nPVP: $59.99 | Nuestro precio: $49.99 | Ahorra: $10.00<\/p>","protected":false},"excerpt":{"rendered":"<p>Precio de venta sugerido por el fabricante <s>$59.99<\/s><br \/>\n\u00a1Ahorras $$10.00 del Precio de Venta Sugerido por el Fabricante!<\/p>\n<p>Auriculares Spracht Z\u016bM RJ9B\u2122. Auriculares universales para tel\u00e9fono de escritorio. Auriculares al\u00e1mbricos de doble oreja. Micr\u00f3fono con cancelaci\u00f3n de ruido. Brazo del micr\u00f3fono gira 300\u00b0. Compatible con Cisco, Phillips, Yealink, Avaya, Huawei, Snom, Akuvox, Grandstream, Sangoma, NEC, Polycom, Panasonic.<\/p>","protected":false},"featured_media":1474,"comment_status":"open","ping_status":"closed","template":"","meta":{"_kad_blocks_custom_css":"","_kad_blocks_head_custom_js":"","_kad_blocks_body_custom_js":"","_kad_blocks_footer_custom_js":"","_kad_post_transparent":"default","_kad_post_title":"","_kad_post_layout":"default","_kad_post_sidebar_id":"","_kad_post_content_style":"default","_kad_post_vertical_padding":"default","_kad_post_feature":"","_kad_post_feature_position":"","_kad_post_header":false,"_kad_post_footer":false,"_kad_post_classname":""},"product_brand":[],"product_cat":[36],"product_tag":[],"class_list":{"0":"post-1469","1":"product","2":"type-product","3":"status-publish","4":"has-post-thumbnail","6":"product_cat-corded-headsets","8":"first","9":"instock","10":"taxable","11":"shipping-taxable","12":"purchasable","13":"product-type-simple","14":"entry","15":"content-bg","16":"loop-entry"},"taxonomy_info":{"product_cat":[{"value":36,"label":"Corded Headsets"}]},"featured_image_src_large":["https:\/\/i0.wp.com\/spracht.com\/wp-content\/uploads\/2023\/07\/ZumRJ9B_5.jpg?fit=944%2C1024&ssl=1",944,1024,true],"author_info":[],"comment_info":0,"jetpack_sharing_enabled":true,"_links":{"self":[{"href":"https:\/\/spracht.com\/es\/wp-json\/wp\/v2\/product\/1469","targetHints":{"allow":["GET"]}}],"collection":[{"href":"https:\/\/spracht.com\/es\/wp-json\/wp\/v2\/product"}],"about":[{"href":"https:\/\/spracht.com\/es\/wp-json\/wp\/v2\/types\/product"}],"replies":[{"embeddable":true,"href":"https:\/\/spracht.com\/es\/wp-json\/wp\/v2\/comments?post=1469"}],"wp:featuredmedia":[{"embeddable":true,"href":"https:\/\/spracht.com\/es\/wp-json\/wp\/v2\/media\/1474"}],"wp:attachment":[{"href":"https:\/\/spracht.com\/es\/wp-json\/wp\/v2\/media?parent=1469"}],"wp:term":[{"taxonomy":"product_brand","embeddable":true,"href":"https:\/\/spracht.com\/es\/wp-json\/wp\/v2\/product_brand?post=1469"},{"taxonomy":"product_cat","embeddable":true,"href":"https:\/\/spracht.com\/es\/wp-json\/wp\/v2\/product_cat?post=1469"},{"taxonomy":"product_tag","embeddable":true,"href":"https:\/\/spracht.com\/es\/wp-json\/wp\/v2\/product_tag?post=1469"}],"curies":[{"name":"wp","href":"https:\/\/api.w.org\/{rel}","templated":true}]}}