{"id":1462,"date":"2023-07-11T15:20:00","date_gmt":"2023-07-11T22:20:00","guid":{"rendered":"https:\/\/spracht.com\/?post_type=product&#038;p=1462"},"modified":"2025-10-27T00:38:02","modified_gmt":"2025-10-27T07:38:02","slug":"zum-maestro-usb-dect-monaural-headset","status":"publish","type":"product","link":"https:\/\/spracht.com\/es\/shop\/zum-maestro-usb-dect-monaural-headset\/","title":{"rendered":"Aud\u00edfono monoaural DECT Z\u016bM Maestro USB\u2122"},"content":{"rendered":"<p>\u00bfNecesitas tomar notas o ver archivos en tu computadora mientras est\u00e1s en una llamada de Skype u otra llamada VoIP? Buenas noticias: puedes responder y colgar llamadas desde tus auriculares. Tambi\u00e9n puedes silenciar y activar el micr\u00f3fono. Eco-DECT significa el menor consumo de energ\u00eda utilizado, lo que resulta en menores emisiones de los auriculares. Realmente apreciar\u00e1s el sonido n\u00edtido y la calidad de voz. El micr\u00f3fono con cancelaci\u00f3n de ruido filtra el ruido a tu alrededor para que te escuchen tan bien como t\u00fa escuchas.<\/p>\n<p><strong>Caracter\u00edsticas del aud\u00edfono monoaural USB DECT Z\u016bM Maestro USB\u2122<\/strong><\/p>\n<ol>\n<li>Compatibilidad: Computadoras y laptops PC y Mac. No apto para smartphones. No apto para tel\u00e9fonos de escritorio.<\/li>\n<li>Tiempo de carga de la bater\u00eda: 20% de carga en menos de 20 minutos. 50% de carga en menos de 45 minutos. Carga completa en menos de 3 horas.<\/li>\n<li>Duraci\u00f3n de la bater\u00eda en espera: la bater\u00eda de los auriculares mantiene la carga durante 6 meses en estado de apagado, antes de requerir recarga.<\/li>\n<li>Tiempo de conversaci\u00f3n con la bater\u00eda: Hasta 8 horas.<\/li>\n<li>Duraci\u00f3n de la bater\u00eda: M\u00ednimo 1000 ciclos de carga.<\/li>\n<li>Tiempo de espera de la bater\u00eda: Al menos 36 horas.<\/li>\n<li>Eco-DECT significa menores requisitos de energ\u00eda y menos emisiones.<\/li>\n<li>Conexi\u00f3n USB de la Base a la Computadora (PC\/MAC).<\/li>\n<\/ol>\n<p>Pieza# SPT-HS3010<br \/>\n800807320406<br \/>\nPVP recomendado: $229.99 | Nuestro precio: $199.99 | Ahorras: $30.00<\/p>","protected":false},"excerpt":{"rendered":"<p>Precio de venta sugerido por el fabricante <s>$229.99<\/s><br \/>\n\u00a1Ahorras $30.00 del precio sugerido por el fabricante!<\/p>\n<p>Auriculares Spracht HS-3010 Zum Maestro DECT USB\u2122. Auriculares inal\u00e1mbricos para Softphone v\u00eda USB, PC\/Mac, para Zoom, Teams, otras aplicaciones de VoIP. Base de carga. Una oreja. Alcance DECT hasta 350 pies. Tiempo de conversaci\u00f3n hasta 8 horas. Eco-DECT significa el menor consumo de energ\u00eda.<\/p>","protected":false},"featured_media":1467,"comment_status":"open","ping_status":"closed","template":"","meta":{"_kad_blocks_custom_css":"","_kad_blocks_head_custom_js":"","_kad_blocks_body_custom_js":"","_kad_blocks_footer_custom_js":"","_kad_post_transparent":"default","_kad_post_title":"","_kad_post_layout":"default","_kad_post_sidebar_id":"","_kad_post_content_style":"default","_kad_post_vertical_padding":"default","_kad_post_feature":"","_kad_post_feature_position":"","_kad_post_header":false,"_kad_post_footer":false,"_kad_post_classname":""},"product_brand":[],"product_cat":[34],"product_tag":[],"class_list":{"0":"post-1462","1":"product","2":"type-product","3":"status-publish","4":"has-post-thumbnail","6":"product_cat-wireless-headsets-dect","8":"first","9":"instock","10":"taxable","11":"shipping-taxable","12":"purchasable","13":"product-type-simple","14":"entry","15":"content-bg","16":"loop-entry"},"taxonomy_info":{"product_cat":[{"value":34,"label":"Wireless Headsets DECT"}]},"featured_image_src_large":["https:\/\/i0.wp.com\/spracht.com\/wp-content\/uploads\/2023\/07\/HS3010_5.jpg?fit=944%2C1024&ssl=1",944,1024,true],"author_info":[],"comment_info":1,"jetpack_sharing_enabled":true,"_links":{"self":[{"href":"https:\/\/spracht.com\/es\/wp-json\/wp\/v2\/product\/1462","targetHints":{"allow":["GET"]}}],"collection":[{"href":"https:\/\/spracht.com\/es\/wp-json\/wp\/v2\/product"}],"about":[{"href":"https:\/\/spracht.com\/es\/wp-json\/wp\/v2\/types\/product"}],"replies":[{"embeddable":true,"href":"https:\/\/spracht.com\/es\/wp-json\/wp\/v2\/comments?post=1462"}],"wp:featuredmedia":[{"embeddable":true,"href":"https:\/\/spracht.com\/es\/wp-json\/wp\/v2\/media\/1467"}],"wp:attachment":[{"href":"https:\/\/spracht.com\/es\/wp-json\/wp\/v2\/media?parent=1462"}],"wp:term":[{"taxonomy":"product_brand","embeddable":true,"href":"https:\/\/spracht.com\/es\/wp-json\/wp\/v2\/product_brand?post=1462"},{"taxonomy":"product_cat","embeddable":true,"href":"https:\/\/spracht.com\/es\/wp-json\/wp\/v2\/product_cat?post=1462"},{"taxonomy":"product_tag","embeddable":true,"href":"https:\/\/spracht.com\/es\/wp-json\/wp\/v2\/product_tag?post=1462"}],"curies":[{"name":"wp","href":"https:\/\/api.w.org\/{rel}","templated":true}]}}