{"id":1459,"date":"2023-07-11T15:15:22","date_gmt":"2023-07-11T22:15:22","guid":{"rendered":"https:\/\/spracht.com\/?post_type=product&#038;p=1459"},"modified":"2026-03-20T13:48:55","modified_gmt":"2026-03-20T20:48:55","slug":"zum-maestro-combo-usb-dect-headset-monaural","status":"publish","type":"product","link":"https:\/\/spracht.com\/es\/shop\/zum-maestro-combo-usb-dect-headset-monaural\/","title":{"rendered":"Diadema Monaural Z\u016bM Maestro Combo USB\/DECT\u2122"},"content":{"rendered":"<p>\u00a1No te quedes sentado ah\u00ed! Necesitas moverte. Ve por esa taza de caf\u00e9 mientras sigues hablando. Responde y finaliza llamadas mientras est\u00e1s lejos de tu escritorio tambi\u00e9n, agregando un levantav\u00e1stagos remoto o un cable de interruptor electr\u00f3nico (EHS). Conecta y reproduce, y Eco-DECT reduce las emisiones tambi\u00e9n. Realmente apreciar\u00e1s el sonido cristalino y la calidad de voz. Micr\u00f3fono con cancelaci\u00f3n de ruido para filtrar el ruido a tu alrededor, de modo que te escuchen tan bien como t\u00fa escuchas.<\/p>\n<p>El c\u00f3modo dise\u00f1o de diadema, con almohadillas extragrandes de piel sint\u00e9tica, es ideal para quienes pasan mucho tiempo al tel\u00e9fono.<\/p>\n<p><strong>Caracter\u00edsticas de los auriculares Z\u016bM Maestro Combo USB\/DECT\u2122 Monaural<\/strong><\/p>\n<ol>\n<li>Compatibilidad: Para tel\u00e9fonos de escritorio universales, puerto de aud\u00edfono RJ9; Softphone con computadoras Windows y Mac. No para smartphones.<\/li>\n<li>Alcance inal\u00e1mbrico de hasta 106 metros.<\/li>\n<li>Bot\u00f3n multifunci\u00f3n para responder\/finalizar llamadas en el auricular o puedes acoplar\/desacoplar el auricular de la estaci\u00f3n base.<\/li>\n<li>Utiliza m\u00faltiples auriculares en la misma \u00e1rea sin que interfieran entre s\u00ed.<\/li>\n<li>Indicadores de audio: Los tonos te alertan sobre llamadas entrantes, bater\u00eda baja, nivel de volumen, silencio del micr\u00f3fono y otras funciones.<\/li>\n<li>Calidad de sonido: Reducci\u00f3n de ruido DSP; cancelaci\u00f3n de eco; control de tono; audio de banda ancha y banda estrecha.<\/li>\n<li>El volumen y el silencio del micr\u00f3fono se pueden ajustar en los auriculares.<\/li>\n<li>Eco-DECT ajusta la potencia de transmisi\u00f3n din\u00e1micamente seg\u00fan la distancia de la estaci\u00f3n base.<\/li>\n<\/ol>\n<p>Parte# SPT-HS2020<br \/>\nUPC 800807320468<br \/>\nPrecio de venta sugerido por el fabricante (MSRP): $269.99 | Nuestro Precio: $229.99 | Usted Ahorra: $40.00<\/p>","protected":false},"excerpt":{"rendered":"<p>Precio de venta sugerido por el fabricante <s>$269.99<\/s><br \/>\n\u00a1Ahorras $40.00 del precio sugerido por el fabricante!<\/p>\n<p>Auricular Spracht HS-2020 Z\u016bM Maestro Combo USB\/DECT\u2122. Auricular inal\u00e1mbrico para tel\u00e9fonos de escritorio y softphone. Alcance de hasta 350 pies. Oreja \u00fanica. Base de carga. Al\u00e9jate de tu escritorio durante las llamadas telef\u00f3nicas. Tambi\u00e9n \u00fasalo con tu PC\/Mac para aplicaciones VoIP, como Zoom, Teams.<\/p>","protected":false},"featured_media":1461,"comment_status":"open","ping_status":"closed","template":"","meta":{"_kad_blocks_custom_css":"","_kad_blocks_head_custom_js":"","_kad_blocks_body_custom_js":"","_kad_blocks_footer_custom_js":"","_kad_post_transparent":"default","_kad_post_title":"","_kad_post_layout":"default","_kad_post_sidebar_id":"","_kad_post_content_style":"default","_kad_post_vertical_padding":"default","_kad_post_feature":"","_kad_post_feature_position":"","_kad_post_header":false,"_kad_post_footer":false,"_kad_post_classname":""},"product_brand":[],"product_cat":[34],"product_tag":[],"class_list":{"0":"post-1459","1":"product","2":"type-product","3":"status-publish","4":"has-post-thumbnail","6":"product_cat-wireless-headsets-dect","8":"first","9":"instock","10":"taxable","11":"shipping-taxable","12":"purchasable","13":"product-type-simple","14":"entry","15":"content-bg","16":"loop-entry"},"taxonomy_info":{"product_cat":[{"value":34,"label":"Wireless Headsets DECT"}]},"featured_image_src_large":["https:\/\/i0.wp.com\/spracht.com\/wp-content\/uploads\/2023\/07\/HS-2020_4.jpg?fit=944%2C1024&ssl=1",944,1024,true],"author_info":[],"comment_info":4,"jetpack_sharing_enabled":true,"_links":{"self":[{"href":"https:\/\/spracht.com\/es\/wp-json\/wp\/v2\/product\/1459","targetHints":{"allow":["GET"]}}],"collection":[{"href":"https:\/\/spracht.com\/es\/wp-json\/wp\/v2\/product"}],"about":[{"href":"https:\/\/spracht.com\/es\/wp-json\/wp\/v2\/types\/product"}],"replies":[{"embeddable":true,"href":"https:\/\/spracht.com\/es\/wp-json\/wp\/v2\/comments?post=1459"}],"wp:featuredmedia":[{"embeddable":true,"href":"https:\/\/spracht.com\/es\/wp-json\/wp\/v2\/media\/1461"}],"wp:attachment":[{"href":"https:\/\/spracht.com\/es\/wp-json\/wp\/v2\/media?parent=1459"}],"wp:term":[{"taxonomy":"product_brand","embeddable":true,"href":"https:\/\/spracht.com\/es\/wp-json\/wp\/v2\/product_brand?post=1459"},{"taxonomy":"product_cat","embeddable":true,"href":"https:\/\/spracht.com\/es\/wp-json\/wp\/v2\/product_cat?post=1459"},{"taxonomy":"product_tag","embeddable":true,"href":"https:\/\/spracht.com\/es\/wp-json\/wp\/v2\/product_tag?post=1459"}],"curies":[{"name":"wp","href":"https:\/\/api.w.org\/{rel}","templated":true}]}}