{"id":1452,"date":"2023-07-11T15:12:03","date_gmt":"2023-07-11T22:12:03","guid":{"rendered":"https:\/\/spracht.com\/?post_type=product&#038;p=1452"},"modified":"2026-04-23T05:00:03","modified_gmt":"2026-04-23T12:00:03","slug":"encrypted-wireless-zum-maestro-dect-binaural-headset","status":"publish","type":"product","link":"https:\/\/spracht.com\/es\/shop\/encrypted-wireless-zum-maestro-dect-binaural-headset\/","title":{"rendered":"Auricular Inal\u00e1mbrico Binaural con Encriptaci\u00f3n Z\u016bM Maestro DECT\u2122"},"content":{"rendered":"<p>\u00a1No te quedes sentado ah\u00ed! \u00a1Necesitas moverte! Ve por esa taza de caf\u00e9 mientras sigues hablando. Responde y finaliza llamadas mientras est\u00e1s lejos de tu escritorio tambi\u00e9n, a\u00f1adiendo un receptor inal\u00e1mbrico remoto cifrado o cable de conmutaci\u00f3n electr\u00f3nica (EHS). El Eco-DECT tambi\u00e9n reduce las emisiones. Realmente apreciar\u00e1s el sonido cristalino y la calidad de voz. El micr\u00f3fono con cancelaci\u00f3n de ruido filtra el ruido a tu alrededor para que te escuchen tan bien como t\u00fa escuchas.<\/p>\n<p>El c\u00f3modo estilo de diadema, con almohadillas extragrandes de cuero sint\u00e9tico, es ideal para quienes pasan mucho tiempo al tel\u00e9fono. Existen modelos de auricular monoaural (una oreja) y binaural (dos orejas).<\/p>\n<p><strong>Caracter\u00edsticas del Auricular Binaural Z\u016bM Maestro DECT\u2122<\/strong><\/p>\n<ol>\n<li>Compatibilidad: Solo tel\u00e9fonos de escritorio. No para smartphones. No para computadoras.<\/li>\n<li>Alcance inal\u00e1mbrico de hasta 106 metros.<\/li>\n<li>Bot\u00f3n multifunci\u00f3n para responder\/finalizar llamadas en el auricular o puedes acoplar\/desacoplar el auricular de la estaci\u00f3n base.<\/li>\n<li>Utiliza m\u00faltiples auriculares en la misma \u00e1rea sin que interfieran entre s\u00ed.<\/li>\n<li>Indicadores de audio: Los tonos te alertan sobre llamadas entrantes, bater\u00eda baja, nivel de volumen, silencio del micr\u00f3fono y otras funciones.<\/li>\n<li>Calidad de sonido: Reducci\u00f3n de ruido DSP; cancelaci\u00f3n de eco; control de tono; audio de banda ancha y banda estrecha.<\/li>\n<li>El volumen y el silencio del micr\u00f3fono se pueden ajustar en los auriculares.<\/li>\n<li>Eco-DECT significa menores requisitos de energ\u00eda y menos emisiones.<\/li>\n<\/ol>\n<p>Parte# SPT-HS2019<br \/>\nUPC 800807320321<br \/>\nPrecio sugerido por el fabricante: $239.99 | Nuestro precio: $219.99 | Ahorras: $20.00<\/p>","protected":false},"excerpt":{"rendered":"<p>Precio de venta sugerido por el fabricante <s>$239.99<\/s><br \/>\n\u00a1Ahorras $20.00 sobre el precio de venta sugerido por el fabricante!<\/p>\n<p><strong>Binaural Inal\u00e1mbrico de Alta Seguridad<\/strong>: Proteja conversaciones confidenciales con el Z\u016bM Maestro DECT\u2122 HS-2019. Este auricular de doble oreja est\u00e1 dise\u00f1ado para entornos de alta concentraci\u00f3n que requieren <strong>privacidad m\u00e1xima de audio y cero exposici\u00f3n a la red<\/strong>. A diferencia de los aud\u00edfonos Bluetooth, los HS-2019 utilizan una frecuencia DECT aislada que no interact\u00faa con tu red local, la nube o los dispositivos m\u00f3viles.<\/p>","protected":false},"featured_media":1457,"comment_status":"open","ping_status":"closed","template":"","meta":{"_kad_blocks_custom_css":"","_kad_blocks_head_custom_js":"","_kad_blocks_body_custom_js":"","_kad_blocks_footer_custom_js":"","_kad_post_transparent":"default","_kad_post_title":"","_kad_post_layout":"default","_kad_post_sidebar_id":"","_kad_post_content_style":"default","_kad_post_vertical_padding":"default","_kad_post_feature":"","_kad_post_feature_position":"","_kad_post_header":false,"_kad_post_footer":false,"_kad_post_classname":""},"product_brand":[],"product_cat":[60,34],"product_tag":[69,68,70,62,65,67],"class_list":{"0":"post-1452","1":"product","2":"type-product","3":"status-publish","4":"has-post-thumbnail","6":"product_cat-secure-audio","7":"product_cat-wireless-headsets-dect","8":"product_tag-encrypted-wireless","9":"product_tag-healthcare","10":"product_tag-hipaa-compliant","11":"product_tag-no-bluetooth","12":"product_tag-secure-audio","13":"product_tag-secure-dect-headset","15":"first","16":"instock","17":"taxable","18":"shipping-taxable","19":"purchasable","20":"product-type-simple","21":"entry","22":"content-bg","23":"loop-entry"},"taxonomy_info":{"product_cat":[{"value":60,"label":"Secure Audio"},{"value":34,"label":"Wireless Headsets DECT"}],"product_tag":[{"value":69,"label":"Encrypted Wireless"},{"value":68,"label":"Healthcare"},{"value":70,"label":"HIPAA Compliant"},{"value":62,"label":"No Bluetooth"},{"value":65,"label":"Secure Audio"},{"value":67,"label":"Secure DECT Headset"}]},"featured_image_src_large":["https:\/\/i0.wp.com\/spracht.com\/wp-content\/uploads\/2023\/07\/HS-2019_5.jpg?fit=944%2C1024&ssl=1",944,1024,true],"author_info":[],"comment_info":0,"jetpack_sharing_enabled":true,"_links":{"self":[{"href":"https:\/\/spracht.com\/es\/wp-json\/wp\/v2\/product\/1452","targetHints":{"allow":["GET"]}}],"collection":[{"href":"https:\/\/spracht.com\/es\/wp-json\/wp\/v2\/product"}],"about":[{"href":"https:\/\/spracht.com\/es\/wp-json\/wp\/v2\/types\/product"}],"replies":[{"embeddable":true,"href":"https:\/\/spracht.com\/es\/wp-json\/wp\/v2\/comments?post=1452"}],"wp:featuredmedia":[{"embeddable":true,"href":"https:\/\/spracht.com\/es\/wp-json\/wp\/v2\/media\/1457"}],"wp:attachment":[{"href":"https:\/\/spracht.com\/es\/wp-json\/wp\/v2\/media?parent=1452"}],"wp:term":[{"taxonomy":"product_brand","embeddable":true,"href":"https:\/\/spracht.com\/es\/wp-json\/wp\/v2\/product_brand?post=1452"},{"taxonomy":"product_cat","embeddable":true,"href":"https:\/\/spracht.com\/es\/wp-json\/wp\/v2\/product_cat?post=1452"},{"taxonomy":"product_tag","embeddable":true,"href":"https:\/\/spracht.com\/es\/wp-json\/wp\/v2\/product_tag?post=1452"}],"curies":[{"name":"wp","href":"https:\/\/api.w.org\/{rel}","templated":true}]}}