{"id":1445,"date":"2023-07-11T15:07:09","date_gmt":"2023-07-11T22:07:09","guid":{"rendered":"https:\/\/spracht.com\/?post_type=product&#038;p=1445"},"modified":"2026-04-28T14:14:03","modified_gmt":"2026-04-28T21:14:03","slug":"encrypted-wireless-zum-maestro-dect-monaural-headset","status":"publish","type":"product","link":"https:\/\/spracht.com\/es\/shop\/encrypted-wireless-zum-maestro-dect-monaural-headset\/","title":{"rendered":"Auricular Inal\u00e1mbrico Monaural Z\u016bM Maestro DECT\u2122 Cifrado"},"content":{"rendered":"<p>\u00a1No te quedes sentado ah\u00ed! \u00a1Necesitas moverte! Ve por esa taza de caf\u00e9 mientras sigues hablando. Responde y finaliza llamadas mientras est\u00e1s lejos de tu escritorio tambi\u00e9n, a\u00f1adiendo un receptor inal\u00e1mbrico remoto cifrado o cable de conmutaci\u00f3n electr\u00f3nica (EHS). El Eco-DECT tambi\u00e9n reduce las emisiones. Realmente apreciar\u00e1s el sonido cristalino y la calidad de voz. El micr\u00f3fono con cancelaci\u00f3n de ruido filtra el ruido a tu alrededor para que te escuchen tan bien como t\u00fa escuchas.<\/p>\n<p>El c\u00f3modo estilo de diadema, con almohadillas extragrandes de cuero sint\u00e9tico, es ideal para quienes pasan mucho tiempo al tel\u00e9fono. Existen modelos de auricular monoaural (una oreja) y binaural (dos orejas).<\/p>\n<p><strong>Caracter\u00edsticas del auricular monoaural Z\u016bM Maestro DECT\u2122<\/strong><\/p>\n<ol>\n<li>Compatibilidad: Solo tel\u00e9fonos de escritorio. No para smartphones. No para computadoras.<\/li>\n<li>Alcance inal\u00e1mbrico de hasta 106 metros.<\/li>\n<li>Bot\u00f3n multifunci\u00f3n para responder\/finalizar llamadas en el auricular o puedes acoplar\/desacoplar el auricular de la estaci\u00f3n base.<\/li>\n<li>Utiliza m\u00faltiples auriculares en la misma \u00e1rea sin que interfieran entre s\u00ed.<\/li>\n<li>Indicadores de audio: Los tonos te alertan sobre llamadas entrantes, bater\u00eda baja, nivel de volumen, silencio del micr\u00f3fono y otras funciones.<\/li>\n<li>Calidad de sonido: Reducci\u00f3n de ruido DSP; cancelaci\u00f3n de eco; control de tono; audio de banda ancha y banda estrecha.<\/li>\n<li>El volumen y el silencio del micr\u00f3fono se pueden ajustar en los auriculares.<\/li>\n<li>Eco-DECT significa menores requisitos de energ\u00eda y menos emisiones.<\/li>\n<\/ol>\n<p>Parte# SPT-HS2018<br \/>\n800807320307<br \/>\nPVP recomendado: $229.99 | Nuestro precio: $199.99 | Ahorras: $30.00<\/p>","protected":false},"excerpt":{"rendered":"<p>Precio de venta sugerido por el fabricante <s>$229.99<\/s><br \/>\n\u00a1Ahorras $30.00 del precio sugerido por el fabricante!<\/p>\n<p><strong>Comunicaci\u00f3n Inal\u00e1mbrica DECT Segura<\/strong>El Z\u016bM Maestro DECT\u2122 HS-2018 brinda la libertad de movilidad inal\u00e1mbrica sin los riesgos de seguridad de Bluetooth o Wi-Fi. Operando en una frecuencia DECT dedicada y encriptada, este auricular monoaural (una oreja) se conecta exclusivamente a su estaci\u00f3n base \u2014 <strong>garantizando que no haya conectividad a internet, sin huella de red y sin descubrimiento externo<\/strong>.<\/p>","protected":false},"featured_media":1450,"comment_status":"open","ping_status":"closed","template":"","meta":{"_kad_blocks_custom_css":"","_kad_blocks_head_custom_js":"","_kad_blocks_body_custom_js":"","_kad_blocks_footer_custom_js":"","_kad_post_transparent":"default","_kad_post_title":"","_kad_post_layout":"default","_kad_post_sidebar_id":"","_kad_post_content_style":"default","_kad_post_vertical_padding":"default","_kad_post_feature":"","_kad_post_feature_position":"","_kad_post_header":false,"_kad_post_footer":false,"_kad_post_classname":""},"product_brand":[],"product_cat":[60,34],"product_tag":[69,68,70,62,65,67],"class_list":{"0":"post-1445","1":"product","2":"type-product","3":"status-publish","4":"has-post-thumbnail","6":"product_cat-secure-audio","7":"product_cat-wireless-headsets-dect","8":"product_tag-encrypted-wireless","9":"product_tag-healthcare","10":"product_tag-hipaa-compliant","11":"product_tag-no-bluetooth","12":"product_tag-secure-audio","13":"product_tag-secure-dect-headset","15":"first","16":"instock","17":"taxable","18":"shipping-taxable","19":"purchasable","20":"product-type-simple","21":"entry","22":"content-bg","23":"loop-entry"},"taxonomy_info":{"product_cat":[{"value":60,"label":"Secure Audio"},{"value":34,"label":"Wireless Headsets DECT"}],"product_tag":[{"value":69,"label":"Encrypted Wireless"},{"value":68,"label":"Healthcare"},{"value":70,"label":"HIPAA Compliant"},{"value":62,"label":"No Bluetooth"},{"value":65,"label":"Secure Audio"},{"value":67,"label":"Secure DECT Headset"}]},"featured_image_src_large":["https:\/\/i0.wp.com\/spracht.com\/wp-content\/uploads\/2023\/07\/HS-2018_5.jpg?fit=944%2C1024&ssl=1",944,1024,true],"author_info":[],"comment_info":0,"jetpack_sharing_enabled":true,"_links":{"self":[{"href":"https:\/\/spracht.com\/es\/wp-json\/wp\/v2\/product\/1445","targetHints":{"allow":["GET"]}}],"collection":[{"href":"https:\/\/spracht.com\/es\/wp-json\/wp\/v2\/product"}],"about":[{"href":"https:\/\/spracht.com\/es\/wp-json\/wp\/v2\/types\/product"}],"replies":[{"embeddable":true,"href":"https:\/\/spracht.com\/es\/wp-json\/wp\/v2\/comments?post=1445"}],"wp:featuredmedia":[{"embeddable":true,"href":"https:\/\/spracht.com\/es\/wp-json\/wp\/v2\/media\/1450"}],"wp:attachment":[{"href":"https:\/\/spracht.com\/es\/wp-json\/wp\/v2\/media?parent=1445"}],"wp:term":[{"taxonomy":"product_brand","embeddable":true,"href":"https:\/\/spracht.com\/es\/wp-json\/wp\/v2\/product_brand?post=1445"},{"taxonomy":"product_cat","embeddable":true,"href":"https:\/\/spracht.com\/es\/wp-json\/wp\/v2\/product_cat?post=1445"},{"taxonomy":"product_tag","embeddable":true,"href":"https:\/\/spracht.com\/es\/wp-json\/wp\/v2\/product_tag?post=1445"}],"curies":[{"name":"wp","href":"https:\/\/api.w.org\/{rel}","templated":true}]}}