{"id":1438,"date":"2023-07-11T15:00:57","date_gmt":"2023-07-11T22:00:57","guid":{"rendered":"https:\/\/spracht.com\/?post_type=product&#038;p=1438"},"modified":"2025-10-27T00:43:15","modified_gmt":"2025-10-27T07:43:15","slug":"zum-maestro-bt-wireless-headset-monaural","status":"publish","type":"product","link":"https:\/\/spracht.com\/es\/shop\/zum-maestro-bt-wireless-headset-monaural\/","title":{"rendered":"Diadema Z\u016bM Maestro BT\u2122 Monaural Inal\u00e1mbrica"},"content":{"rendered":"<p>\u00a1Un aud\u00edfono para trabajar duro y mantenerte conectado! Podr\u00e1s responder llamadas con cualquier dispositivo Bluetooth\u00ae, como tu smartphone o laptop, con este aud\u00edfono c\u00f3modo, ligero y de alta calidad. Tendr\u00e1s hasta 21 horas de tiempo de conversaci\u00f3n con una sola carga, y realmente apreciar\u00e1s el sonido n\u00edtido y la calidad de voz. El micr\u00f3fono con cancelaci\u00f3n de ruido filtra el ruido a tu alrededor para que te escuchen tan bien como t\u00fa escuchas.<\/p>\n<p><strong>Caracter\u00edsticas del aud\u00edfono inal\u00e1mbrico Z\u016bM Maestro BT\u2122 Monaural<\/strong><\/p>\n<ol>\n<li>Compatibilidad: Para smartphones, tablets, laptops. No para tel\u00e9fonos de escritorio.<\/li>\n<li>Sonido: Cancelaci\u00f3n de ruido de micr\u00f3fono, cancelaci\u00f3n de eco de sexta generaci\u00f3n, control de tono.<\/li>\n<li>Carga: Z\u016bM Maestro BT\u2122 se carga cuando est\u00e1 en la base.<\/li>\n<li>La protecci\u00f3n auditiva avanzada bloquea vol\u00famenes altos repentinos.<\/li>\n<li>Tiempo de espera: 500 horas.<\/li>\n<li>Distancia: hasta 33 pies (10 m).<\/li>\n<li>Tiempo de conversaci\u00f3n: 21 horas con bater\u00eda de 300 mAh.<\/li>\n<\/ol>\n<p>Parte# SPT-HS2050<br \/>\nUPC 800807320345<br \/>\nPVP: $119.99 | Nuestro precio: $99.99 | Ahorras: $20.00<\/p>","protected":false},"excerpt":{"rendered":"<p>Precio de venta sugerido por el fabricante <s>$119.99<\/s><br \/>\n\u00a1Ahorras $20.00 sobre el precio de venta sugerido por el fabricante!<\/p>\n<p>Auriculares Spracht HS-2050 Z\u016bM Maestro BT\u2122 y estaci\u00f3n base. Auriculares inal\u00e1mbricos Bluetooth\u00ae con micr\u00f3fono con cancelaci\u00f3n de ruido. Una oreja. Responde llamadas con cualquier dispositivo Bluetooth\u00ae como tu smartphone o port\u00e1til. Base de carga. Alcance 10 metros. Tiempo de conversaci\u00f3n 21 horas.<\/p>","protected":false},"featured_media":1444,"comment_status":"open","ping_status":"closed","template":"","meta":{"_kad_blocks_custom_css":"","_kad_blocks_head_custom_js":"","_kad_blocks_body_custom_js":"","_kad_blocks_footer_custom_js":"","_kad_post_transparent":"default","_kad_post_title":"","_kad_post_layout":"default","_kad_post_sidebar_id":"","_kad_post_content_style":"default","_kad_post_vertical_padding":"default","_kad_post_feature":"","_kad_post_feature_position":"","_kad_post_header":false,"_kad_post_footer":false,"_kad_post_classname":""},"product_brand":[],"product_cat":[35],"product_tag":[],"class_list":{"0":"post-1438","1":"product","2":"type-product","3":"status-publish","4":"has-post-thumbnail","6":"product_cat-wireless-headsets-bluetooth","8":"first","9":"instock","10":"taxable","11":"shipping-taxable","12":"purchasable","13":"product-type-simple","14":"entry","15":"content-bg","16":"loop-entry"},"taxonomy_info":{"product_cat":[{"value":35,"label":"Wireless Headsets Bluetooth"}]},"featured_image_src_large":["https:\/\/i0.wp.com\/spracht.com\/wp-content\/uploads\/2023\/07\/HS-2050_6.jpg?fit=944%2C1024&ssl=1",944,1024,true],"author_info":[],"comment_info":1,"jetpack_sharing_enabled":true,"_links":{"self":[{"href":"https:\/\/spracht.com\/es\/wp-json\/wp\/v2\/product\/1438","targetHints":{"allow":["GET"]}}],"collection":[{"href":"https:\/\/spracht.com\/es\/wp-json\/wp\/v2\/product"}],"about":[{"href":"https:\/\/spracht.com\/es\/wp-json\/wp\/v2\/types\/product"}],"replies":[{"embeddable":true,"href":"https:\/\/spracht.com\/es\/wp-json\/wp\/v2\/comments?post=1438"}],"wp:featuredmedia":[{"embeddable":true,"href":"https:\/\/spracht.com\/es\/wp-json\/wp\/v2\/media\/1444"}],"wp:attachment":[{"href":"https:\/\/spracht.com\/es\/wp-json\/wp\/v2\/media?parent=1438"}],"wp:term":[{"taxonomy":"product_brand","embeddable":true,"href":"https:\/\/spracht.com\/es\/wp-json\/wp\/v2\/product_brand?post=1438"},{"taxonomy":"product_cat","embeddable":true,"href":"https:\/\/spracht.com\/es\/wp-json\/wp\/v2\/product_cat?post=1438"},{"taxonomy":"product_tag","embeddable":true,"href":"https:\/\/spracht.com\/es\/wp-json\/wp\/v2\/product_tag?post=1438"}],"curies":[{"name":"wp","href":"https:\/\/api.w.org\/{rel}","templated":true}]}}