{"id":1431,"date":"2023-07-11T14:54:26","date_gmt":"2023-07-11T21:54:26","guid":{"rendered":"https:\/\/spracht.com\/?post_type=product&#038;p=1431"},"modified":"2026-04-28T14:15:27","modified_gmt":"2026-04-28T21:15:27","slug":"zum-prestige-combo-binaural-headset","status":"publish","type":"product","link":"https:\/\/spracht.com\/es\/shop\/zum-prestige-combo-binaural-headset\/","title":{"rendered":"Diadema Binaural Z\u016bM Prestige Combo\u2122"},"content":{"rendered":"<p>\u00a1Un aud\u00edfono trabajador para mantenerte conectado! Responde llamadas con cualquier dispositivo Bluetooth\u00ae, como tu smartphone o laptop, con este aud\u00edfono binaural c\u00f3modo, ligero y de alta calidad. Hasta 10 horas de tiempo de conversaci\u00f3n con una sola carga, con sonido y calidad de voz n\u00edtidos. El micr\u00f3fono con cancelaci\u00f3n de ruido filtra el ruido a tu alrededor para que te escuchen tan bien como t\u00fa puedes o\u00edr.<\/p>\n<p>Conecte Z\u016bm Prestige Combo\u2122 a su PC\/Mac usando el dongle USB para llamadas por Softphone con Skype u otras aplicaciones de conferencias.<\/p>\n<p>\u00bfEn un ambiente de oficina abierto? Usa Z\u016bm BT Prestige\u2122 o Z\u016bm Prestige Combo\u2122 para escuchar m\u00fasica y concentrarte en lo que haces en lugar de o\u00edr a quienes te rodean.<\/p>\n<p><strong>Caracter\u00edsticas del aud\u00edfono binaural Z\u016bM Prestige Combo\u2122<\/strong><\/p>\n<ol>\n<li>Compatibilidad: Para smartphones, tablets, laptops. No para tel\u00e9fonos de escritorio (a menos que tengan Bluetooth\u00ae).<\/li>\n<li>Micr\u00f3fono con cancelaci\u00f3n de ruido unidireccional.<\/li>\n<li>El anillo indicador LED en los auriculares muestra a los dem\u00e1s cu\u00e1ndo est\u00e1s en una llamada.<\/li>\n<li>Z\u016bM BT Prestige\u2122 se carga cuando est\u00e1 acoplado en la base o puede conectar sus auriculares a cualquier fuente de carga USB utilizando el cable micro-USB suministrado.<\/li>\n<li>Escucha m\u00fasica desde tu dispositivo emparejado cuando no est\u00e9s en una llamada.<\/li>\n<li>Tiempo de conversaci\u00f3n: 10 horas con bater\u00eda de 3.7V, 300mAh. Tiempo de espera: 240 horas.<\/li>\n<li>Usa Z\u016bm Prestige Combo\u2122 para llamadas por softphone con el dongle USB y Skype u otra aplicaci\u00f3n de conferencias.<\/li>\n<li>El Z\u016bm Prestige Combo\u2122 incluye un dongle USB y un estuche blando.<\/li>\n<\/ol>\n<p>Parte# SPT-ZUMBTP410<br \/>\nUPC 800807320734<br \/>\nPrecio de venta sugerido por el fabricante (MSRP): $219.99 | Nuestro Precio: $159.99 | Ahorras: $60.00<\/p>","protected":false},"excerpt":{"rendered":"<p>Precio de venta sugerido por el fabricante <s>$219.99<\/s><br \/>\n\u00a1Ahorras $60.00 del Precio de Venta Sugerido por el Fabricante!<\/p>\n<p>Auriculares Spracht Z\u016bM BT Prestige\u2122 Combo\u2122. Bluetooth\u00ae y BT\/USB para Auriculares Inal\u00e1mbricos de Negocios con Estaci\u00f3n Base. Doble Oreja. Smartphones, tablets, laptops. Micr\u00f3fono con cancelaci\u00f3n de ruido. Anillo indicador LED te muestra que est\u00e1s en una llamada. Tiempo de conversaci\u00f3n: 10 horas. Estuche Suave.<\/p>","protected":false},"featured_media":1435,"comment_status":"open","ping_status":"closed","template":"","meta":{"_kad_blocks_custom_css":"","_kad_blocks_head_custom_js":"","_kad_blocks_body_custom_js":"","_kad_blocks_footer_custom_js":"","_kad_post_transparent":"default","_kad_post_title":"","_kad_post_layout":"default","_kad_post_sidebar_id":"","_kad_post_content_style":"default","_kad_post_vertical_padding":"default","_kad_post_feature":"","_kad_post_feature_position":"","_kad_post_header":false,"_kad_post_footer":false,"_kad_post_classname":""},"product_brand":[],"product_cat":[35],"product_tag":[],"class_list":{"0":"post-1431","1":"product","2":"type-product","3":"status-publish","4":"has-post-thumbnail","6":"product_cat-wireless-headsets-bluetooth","8":"first","9":"onbackorder","10":"taxable","11":"shipping-taxable","12":"purchasable","13":"product-type-simple","14":"entry","15":"content-bg","16":"loop-entry"},"taxonomy_info":{"product_cat":[{"value":35,"label":"Wireless Headsets Bluetooth"}]},"featured_image_src_large":["https:\/\/i0.wp.com\/spracht.com\/wp-content\/uploads\/2023\/07\/ZumBTP-410_4.jpg?fit=944%2C1024&ssl=1",944,1024,true],"author_info":[],"comment_info":0,"jetpack_sharing_enabled":true,"_links":{"self":[{"href":"https:\/\/spracht.com\/es\/wp-json\/wp\/v2\/product\/1431","targetHints":{"allow":["GET"]}}],"collection":[{"href":"https:\/\/spracht.com\/es\/wp-json\/wp\/v2\/product"}],"about":[{"href":"https:\/\/spracht.com\/es\/wp-json\/wp\/v2\/types\/product"}],"replies":[{"embeddable":true,"href":"https:\/\/spracht.com\/es\/wp-json\/wp\/v2\/comments?post=1431"}],"wp:featuredmedia":[{"embeddable":true,"href":"https:\/\/spracht.com\/es\/wp-json\/wp\/v2\/media\/1435"}],"wp:attachment":[{"href":"https:\/\/spracht.com\/es\/wp-json\/wp\/v2\/media?parent=1431"}],"wp:term":[{"taxonomy":"product_brand","embeddable":true,"href":"https:\/\/spracht.com\/es\/wp-json\/wp\/v2\/product_brand?post=1431"},{"taxonomy":"product_cat","embeddable":true,"href":"https:\/\/spracht.com\/es\/wp-json\/wp\/v2\/product_cat?post=1431"},{"taxonomy":"product_tag","embeddable":true,"href":"https:\/\/spracht.com\/es\/wp-json\/wp\/v2\/product_tag?post=1431"}],"curies":[{"name":"wp","href":"https:\/\/api.w.org\/{rel}","templated":true}]}}