{"id":1416,"date":"2023-07-08T10:33:26","date_gmt":"2023-07-08T17:33:26","guid":{"rendered":"https:\/\/spracht.com\/?post_type=product&#038;p=1416"},"modified":"2026-04-28T14:15:14","modified_gmt":"2026-04-28T21:15:14","slug":"zum-bt-wireless-headset-monaural","status":"publish","type":"product","link":"https:\/\/spracht.com\/es\/shop\/zum-bt-wireless-headset-monaural\/","title":{"rendered":"ZuM BT\u2122 Auricular inal\u00e1mbrico monoaural"},"content":{"rendered":"<p>\u00a1Un aud\u00edfono de trabajo duro para mantenerte conectado! Podr\u00e1s responder llamadas con cualquier dispositivo Bluetooth\u00ae como tu smartphone o laptop con este aud\u00edfono c\u00f3modo, ligero y de alta calidad. Tendr\u00e1s hasta 12 horas de tiempo de conversaci\u00f3n con una sola carga, y realmente apreciar\u00e1s la claridad del sonido y la calidad de la voz. El micr\u00f3fono con cancelaci\u00f3n de ruido filtra el ruido a tu alrededor para que te escuchen tan bien como t\u00fa escuchas.<\/p>\n<p><strong>Caracter\u00edsticas de los auriculares inal\u00e1mbricos ZuM BT\u2122<\/strong><\/p>\n<ol>\n<li>Compatibilidad: Para smartphones, tablets, laptops. No para tel\u00e9fonos de escritorio (a menos que tengan Bluetooth\u00ae).<\/li>\n<li>El brazo del micr\u00f3fono gira 300\u00b0 para que puedas usarlo en cualquiera de las orejas.<\/li>\n<li>El brazo del micr\u00f3fono es completamente flexible para que puedas ajustarlo de la manera que mejor te funcione.<\/li>\n<li>Sonido: Micr\u00f3fono unidireccional con cancelaci\u00f3n de ruido.<\/li>\n<li>Carga: ZuM BT\u2122 se carga al colocarlo en la base.<\/li>\n<li>Versi\u00f3n de Bluetooth\u00ae V4.1.<\/li>\n<li>Tiempo de espera: 200 horas.<\/li>\n<li>Distancia: hasta 33 pies (10 m).<\/li>\n<li>Tiempo de conversaci\u00f3n: 17 horas con bater\u00eda de 3.7V y 180mAh.<\/li>\n<\/ol>\n<p><iframe src=\"https:\/\/www.youtube.com\/embed\/tUjfUvJSQlo\" width=\"854\" height=\"480\" frameborder=\"0\" allowfullscreen=\"allowfullscreen\"><\/iframe><\/p>\n<p>Parte# SPT-ZUMBT<br \/>\nUPC 800807320642<br \/>\nPrecio sugerido por el fabricante: $69.99 | Nuestro precio: $59.99 | Ahorras: $10.00<\/p>","protected":false},"excerpt":{"rendered":"<p>Precio de venta sugerido por el fabricante <s>$69.99<\/s><br \/>\n\u00a1Ahorras $$10.00 del Precio de Venta Sugerido por el Fabricante!<\/p>\n<p>Auriculares Spracht Z\u016bM BT\u2122 para oficina m\u00f3vil, Auriculares inal\u00e1mbricos Bluetooth\u00ae con estaci\u00f3n base. Para tel\u00e9fonos inteligentes, tabletas, computadoras port\u00e1tiles. De una oreja. Base de carga.<\/p>","protected":false},"featured_media":1420,"comment_status":"open","ping_status":"closed","template":"","meta":{"_kad_blocks_custom_css":"","_kad_blocks_head_custom_js":"","_kad_blocks_body_custom_js":"","_kad_blocks_footer_custom_js":"","_kad_post_transparent":"default","_kad_post_title":"","_kad_post_layout":"default","_kad_post_sidebar_id":"","_kad_post_content_style":"default","_kad_post_vertical_padding":"default","_kad_post_feature":"","_kad_post_feature_position":"","_kad_post_header":false,"_kad_post_footer":false,"_kad_post_classname":""},"product_brand":[],"product_cat":[35],"product_tag":[],"class_list":{"0":"post-1416","1":"product","2":"type-product","3":"status-publish","4":"has-post-thumbnail","6":"product_cat-wireless-headsets-bluetooth","8":"first","9":"instock","10":"taxable","11":"shipping-taxable","12":"purchasable","13":"product-type-simple","14":"entry","15":"content-bg","16":"loop-entry"},"taxonomy_info":{"product_cat":[{"value":35,"label":"Wireless Headsets Bluetooth"}]},"featured_image_src_large":["https:\/\/i0.wp.com\/spracht.com\/wp-content\/uploads\/2023\/07\/ZumBT_5.jpg?fit=944%2C1024&ssl=1",944,1024,true],"author_info":[],"comment_info":14696,"jetpack_sharing_enabled":true,"_links":{"self":[{"href":"https:\/\/spracht.com\/es\/wp-json\/wp\/v2\/product\/1416","targetHints":{"allow":["GET"]}}],"collection":[{"href":"https:\/\/spracht.com\/es\/wp-json\/wp\/v2\/product"}],"about":[{"href":"https:\/\/spracht.com\/es\/wp-json\/wp\/v2\/types\/product"}],"replies":[{"embeddable":true,"href":"https:\/\/spracht.com\/es\/wp-json\/wp\/v2\/comments?post=1416"}],"wp:featuredmedia":[{"embeddable":true,"href":"https:\/\/spracht.com\/es\/wp-json\/wp\/v2\/media\/1420"}],"wp:attachment":[{"href":"https:\/\/spracht.com\/es\/wp-json\/wp\/v2\/media?parent=1416"}],"wp:term":[{"taxonomy":"product_brand","embeddable":true,"href":"https:\/\/spracht.com\/es\/wp-json\/wp\/v2\/product_brand?post=1416"},{"taxonomy":"product_cat","embeddable":true,"href":"https:\/\/spracht.com\/es\/wp-json\/wp\/v2\/product_cat?post=1416"},{"taxonomy":"product_tag","embeddable":true,"href":"https:\/\/spracht.com\/es\/wp-json\/wp\/v2\/product_tag?post=1416"}],"curies":[{"name":"wp","href":"https:\/\/api.w.org\/{rel}","templated":true}]}}