{"id":1409,"date":"2023-07-08T10:27:40","date_gmt":"2023-07-08T17:27:40","guid":{"rendered":"https:\/\/spracht.com\/?post_type=product&#038;p=1409"},"modified":"2026-03-20T12:41:34","modified_gmt":"2026-03-20T19:41:34","slug":"zum-maestro-usb-bt-combo-headset-monaural","status":"publish","type":"product","link":"https:\/\/spracht.com\/es\/shop\/zum-maestro-usb-bt-combo-headset-monaural\/","title":{"rendered":"Diadema ZuM Maestro USB\/BT Combo\u2122 Monaural"},"content":{"rendered":"<p>Lo mejor del Z\u016bm Maestro USB\/BT Combo\u2122 Headset es su doble uso: Softphone usando USB para aplicaciones VoIP en tu computadora PC\/Mac y usando Bluetooth\u00ae para conectarlo con tu tel\u00e9fono o tablet (iOS o Android) o computadora (Mac\/PC). Y si tienes un tel\u00e9fono de escritorio con capacidad Bluetooth\u00ae, \u00a1incluso funcionar\u00e1 con ese! Como lo uses, la base tiene la conectividad para que tus auriculares est\u00e9n siempre inal\u00e1mbricos. El c\u00f3modo dise\u00f1o de diadema, con una almohadilla de piel sint\u00e9tica extra grande, es ideal para quienes pasan mucho tiempo usando auriculares.<\/p>\n<p><strong>Caracter\u00edsticas de los auriculares ZuM Maestro USB\/BT Combo\u2122<\/strong><\/p>\n<ol>\n<li>Compatibilidad: USB para Softphone Mac\/PC. Smartphones y tablets, iOS y Android. Escritorio<\/li>\n<li>Tel\u00e9fonos con capacidad Bluetooth\u00ae.<\/li>\n<li>Versi\u00f3n Bluetooth\u00ae V4.1, compatible con versiones anteriores. Alcance: hasta 33 pies (10 m) desde la base.<\/li>\n<li>La conexi\u00f3n USB a la computadora permite realizar llamadas VoIP, como Skype\u2122 o Skype for Business (Lync\u2122), u otras aplicaciones VoIP.<\/li>\n<li>Micr\u00f3fono activo con cancelaci\u00f3n de ruido DSP.<\/li>\n<li>Calidad de sonido: Reducci\u00f3n de ruido DSP; cancelaci\u00f3n de eco; control de tono; audio de banda ancha y banda estrecha.<\/li>\n<li>Hasta 12 horas de tiempo de conversaci\u00f3n, al menos 300 horas en espera. Se carga mientras est\u00e1 conectado al puerto USB o en la base.<\/li>\n<li>El volumen y el silencio del micr\u00f3fono se pueden ajustar en los auriculares.<\/li>\n<\/ol>\n<p>Parte# SPT-HS2060<br \/>\nUPC 800807320437<br \/>\nPrecio de venta sugerido por el fabricante: $129.99 | Nuestro precio: $99.99 | Ahorras: $30.00<\/p>","protected":false},"excerpt":{"rendered":"<p>Precio de venta sugerido por el fabricante <s>$129.99<\/s><br \/>\n\u00a1Ahorras $30.00 del precio sugerido por el fabricante!<\/p>\n<p>Auricular Spracht HS-2060 Zum Maestro USB\/BT Combo\u2122. Bluetooth inal\u00e1mbrico; Softphone v\u00eda USB, PC\/Mac, para apps VoIP. Base de carga. Una sola oreja.<\/p>","protected":false},"featured_media":1415,"comment_status":"open","ping_status":"closed","template":"","meta":{"_kad_blocks_custom_css":"","_kad_blocks_head_custom_js":"","_kad_blocks_body_custom_js":"","_kad_blocks_footer_custom_js":"","_kad_post_transparent":"default","_kad_post_title":"","_kad_post_layout":"default","_kad_post_sidebar_id":"","_kad_post_content_style":"default","_kad_post_vertical_padding":"default","_kad_post_feature":"","_kad_post_feature_position":"","_kad_post_header":false,"_kad_post_footer":false,"_kad_post_classname":""},"product_brand":[],"product_cat":[35],"product_tag":[],"class_list":{"0":"post-1409","1":"product","2":"type-product","3":"status-publish","4":"has-post-thumbnail","6":"product_cat-wireless-headsets-bluetooth","8":"first","9":"instock","10":"taxable","11":"shipping-taxable","12":"purchasable","13":"product-type-simple","14":"entry","15":"content-bg","16":"loop-entry"},"taxonomy_info":{"product_cat":[{"value":35,"label":"Wireless Headsets Bluetooth"}]},"featured_image_src_large":["https:\/\/i0.wp.com\/spracht.com\/wp-content\/uploads\/2023\/07\/HS-2060_6.jpg?fit=944%2C1024&ssl=1",944,1024,true],"author_info":[],"comment_info":1,"jetpack_sharing_enabled":true,"_links":{"self":[{"href":"https:\/\/spracht.com\/es\/wp-json\/wp\/v2\/product\/1409","targetHints":{"allow":["GET"]}}],"collection":[{"href":"https:\/\/spracht.com\/es\/wp-json\/wp\/v2\/product"}],"about":[{"href":"https:\/\/spracht.com\/es\/wp-json\/wp\/v2\/types\/product"}],"replies":[{"embeddable":true,"href":"https:\/\/spracht.com\/es\/wp-json\/wp\/v2\/comments?post=1409"}],"wp:featuredmedia":[{"embeddable":true,"href":"https:\/\/spracht.com\/es\/wp-json\/wp\/v2\/media\/1415"}],"wp:attachment":[{"href":"https:\/\/spracht.com\/es\/wp-json\/wp\/v2\/media?parent=1409"}],"wp:term":[{"taxonomy":"product_brand","embeddable":true,"href":"https:\/\/spracht.com\/es\/wp-json\/wp\/v2\/product_brand?post=1409"},{"taxonomy":"product_cat","embeddable":true,"href":"https:\/\/spracht.com\/es\/wp-json\/wp\/v2\/product_cat?post=1409"},{"taxonomy":"product_tag","embeddable":true,"href":"https:\/\/spracht.com\/es\/wp-json\/wp\/v2\/product_tag?post=1409"}],"curies":[{"name":"wp","href":"https:\/\/api.w.org\/{rel}","templated":true}]}}