{"id":1393,"date":"2023-07-08T10:02:05","date_gmt":"2023-07-08T17:02:05","guid":{"rendered":"https:\/\/spracht.com\/?post_type=product&#038;p=1393"},"modified":"2026-05-01T03:19:42","modified_gmt":"2026-05-01T10:19:42","slug":"bonehead-sport-bone-conductive-headset","status":"publish","type":"product","link":"https:\/\/spracht.com\/es\/producto\/bonehead-sport-bone-conductive-headset\/","title":{"rendered":"Auriculares de conducci\u00f3n \u00f3sea Bonehead Sport\u2122"},"content":{"rendered":"<p>Te gustan las actividades al aire libre, pero quieres llevar tu m\u00fasica o podcasts contigo. Todav\u00eda quieres escuchar lo que sucede a tu alrededor, \u00bfverdad? Para eso son los aud\u00edfonos de conducci\u00f3n \u00f3sea. Rodean tus o\u00eddos, no van dentro, pero a\u00fan as\u00ed puedes escuchar lo que reproducen. Ideales tambi\u00e9n para el gimnasio y las clases de ejercicio. Bluetooth 5.2, con un tiempo de reproducci\u00f3n de 5 horas y un tiempo de carga de 2 horas. Para aquellos que se preocupan por estas cosas, utiliza el chipset Bluetooth de Qualcomm.<\/p>\n<p><strong>Caracter\u00edsticas de Bonehead Sport\u2122<\/strong><\/p>\n<ol>\n<li>Compatibilidad: Smartphones, computadoras PC\/Mac y otros dispositivos Bluetooth.<\/li>\n<li>Bluetooth 5.2.<\/li>\n<li>Resistente al agua y al sudor IPX6, pero no sumergible.<\/li>\n<li>Duraci\u00f3n de bater\u00eda de 5 horas, tiempo de carga de 2 horas.<\/li>\n<li>\u00a1\u00dasalo para llamadas telef\u00f3nicas!<\/li>\n<li>Interact\u00faa con tu asistente de voz (Siri, Alexa) con el bot\u00f3n de asistente de voz de un solo toque cuando est\u00e9 emparejado con tu smartphone.<\/li>\n<li>Muy ligero y c\u00f3modo.<\/li>\n<\/ol>\n<p>Parte# SPT-BH500<br \/>\nUPC 800807320888<br \/>\nPrecio de venta sugerido por el fabricante: $139.99 | Nuestro precio: $99.99 | Te ahorras: $40.00<\/p>","protected":false},"excerpt":{"rendered":"<p>Precio de venta sugerido por el fabricante <s>$139.99<\/s><br \/>\n\u00a1Ahorras $40.00 del precio sugerido por el fabricante!<\/p>\n<p>Aud\u00edfonos Spracht BH-500 Bonehead Sport Bone\u2122 Conductive Bluetooth 5.2 Inal\u00e1mbricos. Se apoyan en tus mejillas, no en tus o\u00eddos. Ideales para corredores. Resistentes al agua y al sudor.<\/p>","protected":false},"featured_media":1398,"comment_status":"open","ping_status":"closed","template":"","meta":{"_kad_blocks_custom_css":"","_kad_blocks_head_custom_js":"","_kad_blocks_body_custom_js":"","_kad_blocks_footer_custom_js":"","_kad_post_transparent":"default","_kad_post_title":"","_kad_post_layout":"default","_kad_post_sidebar_id":"","_kad_post_content_style":"default","_kad_post_vertical_padding":"default","_kad_post_feature":"","_kad_post_feature_position":"","_kad_post_header":false,"_kad_post_footer":false,"_kad_post_classname":""},"product_brand":[],"product_cat":[35],"product_tag":[],"class_list":{"0":"post-1393","1":"product","2":"type-product","3":"status-publish","4":"has-post-thumbnail","6":"product_cat-wireless-headsets-bluetooth","7":"pa_device-compatibility-computer","8":"pa_device-compatibility-phone-tablet","9":"pa_number-of-ears-2-ear-headset","11":"first","12":"instock","13":"taxable","14":"shipping-taxable","15":"purchasable","16":"product-type-simple","17":"entry","18":"content-bg","19":"loop-entry"},"taxonomy_info":{"product_cat":[{"value":35,"label":"Wireless Headsets Bluetooth"}],"pa_device-compatibility":[{"value":76,"label":"Computer"},{"value":75,"label":"Phone \/ Tablet"}],"pa_number-of-ears":[{"value":74,"label":"2-Ear Headset"}]},"featured_image_src_large":["https:\/\/i0.wp.com\/spracht.com\/wp-content\/uploads\/2023\/07\/BH500_5.jpg?fit=944%2C1024&ssl=1",944,1024,true],"author_info":[],"comment_info":0,"jetpack_sharing_enabled":true,"_links":{"self":[{"href":"https:\/\/spracht.com\/es\/wp-json\/wp\/v2\/product\/1393","targetHints":{"allow":["GET"]}}],"collection":[{"href":"https:\/\/spracht.com\/es\/wp-json\/wp\/v2\/product"}],"about":[{"href":"https:\/\/spracht.com\/es\/wp-json\/wp\/v2\/types\/product"}],"replies":[{"embeddable":true,"href":"https:\/\/spracht.com\/es\/wp-json\/wp\/v2\/comments?post=1393"}],"wp:featuredmedia":[{"embeddable":true,"href":"https:\/\/spracht.com\/es\/wp-json\/wp\/v2\/media\/1398"}],"wp:attachment":[{"href":"https:\/\/spracht.com\/es\/wp-json\/wp\/v2\/media?parent=1393"}],"wp:term":[{"taxonomy":"product_brand","embeddable":true,"href":"https:\/\/spracht.com\/es\/wp-json\/wp\/v2\/product_brand?post=1393"},{"taxonomy":"product_cat","embeddable":true,"href":"https:\/\/spracht.com\/es\/wp-json\/wp\/v2\/product_cat?post=1393"},{"taxonomy":"product_tag","embeddable":true,"href":"https:\/\/spracht.com\/es\/wp-json\/wp\/v2\/product_tag?post=1393"}],"curies":[{"name":"wp","href":"https:\/\/api.w.org\/{rel}","templated":true}]}}