{"id":1337,"date":"2023-06-16T17:58:56","date_gmt":"2023-06-17T00:58:56","guid":{"rendered":"https:\/\/spracht.com\/?post_type=product&#038;p=1337"},"modified":"2026-04-13T13:02:03","modified_gmt":"2026-04-13T20:02:03","slug":"aura-usb-mic-usb-digital-microphone","status":"publish","type":"product","link":"https:\/\/spracht.com\/es\/producto\/aura-usb-mic-usb-digital-microphone\/","title":{"rendered":"Micr\u00f3fono Digital USB Aura USB Mic\u2122"},"content":{"rendered":"<p>\u00a1Micr\u00f3fono perfecto para salas de conferencias! Coloca el micr\u00f3fono en la mesa, con\u00e9ctalo al puerto USB de tu PC\/Mac y tu micr\u00f3fono estar\u00e1 listo para Skype, Zoom, GoToMeeting, WebEx y otras llamadas VoIP. Tambi\u00e9n sirve para grabar audio para videos de YouTube o podcasts.<\/p>\n<p>\u00bfPor qu\u00e9 usar un micr\u00f3fono externo en lugar del de tu computadora? Bueno, todos te escuchar\u00e1n mejor, ya que el micr\u00f3fono se puede ubicar idealmente entre todas las personas en la sala. Adem\u00e1s, como los micr\u00f3fonos USB procesan el sonido internamente, act\u00faan como su propia tarjeta de sonido cuando se conectan a una computadora. Por lo tanto, un micr\u00f3fono USB producir\u00e1 una salida de la misma calidad independientemente de las especificaciones de hardware de la computadora; funcionar\u00e1n mejor que los micr\u00f3fonos anal\u00f3gicos en computadoras con una tarjeta de sonido barata o sin ninguna.<\/p>\n<p><strong>Caracter\u00edsticas del micr\u00f3fono digital USB Aura USB Mic\u2122<\/strong><\/p>\n<ol>\n<li>Compatibilidad: Compatible con Windows 10, 8, 7, Vista y XP, y Mac OS X.<\/li>\n<li>Omnidireccional para cobertura de 360\u00b0<\/li>\n<li>El rango de captaci\u00f3n de voz es de 6 a 9 pies.<\/li>\n<li>Cable USB de 1.8 m, USB 2.0.<\/li>\n<li>Cancelaci\u00f3n de eco y ruido.<\/li>\n<li>Aleaci\u00f3n de aluminio con cubierta de malla met\u00e1lica.<\/li>\n<li>Solo micr\u00f3fono, sin parlante.<\/li>\n<\/ol>\n<p>Parte# SPT-MIC2010<br \/>\nUPC 800807300644<br \/>\nPrecio de lista: $49.99 | Nuestro precio: $39.99 | Ahorras: $10.00<\/p>","protected":false},"excerpt":{"rendered":"<p>Precio de venta sugerido por el fabricante <s>$49.99<\/s><br \/>\n\u00a1Ahorras $$10.00 del Precio de Venta Sugerido por el Fabricante!<\/p>\n<p>Micr\u00f3fono Digital USB Spracht MIC-2010 Aura USB Mic\u2122. Omnidireccional para cobertura de 360\u00b0. Rango de captaci\u00f3n de voz de 1.8 m a 2.7 m. Cable USB de 1.8 m, USB 2.0. Cancelaci\u00f3n de eco y ruido. Aleaci\u00f3n de aluminio con cubierta de malla met\u00e1lica. Solo micr\u00f3fono, sin altavoz. Windows\/Mac<\/p>","protected":false},"featured_media":1341,"comment_status":"open","ping_status":"closed","template":"","meta":{"_kad_blocks_custom_css":"","_kad_blocks_head_custom_js":"","_kad_blocks_body_custom_js":"","_kad_blocks_footer_custom_js":"","_kad_post_transparent":"default","_kad_post_title":"","_kad_post_layout":"default","_kad_post_sidebar_id":"","_kad_post_content_style":"default","_kad_post_vertical_padding":"default","_kad_post_feature":"","_kad_post_feature_position":"","_kad_post_header":false,"_kad_post_footer":false,"_kad_post_classname":""},"product_brand":[],"product_cat":[32],"product_tag":[],"class_list":{"0":"post-1337","1":"product","2":"type-product","3":"status-publish","4":"has-post-thumbnail","6":"product_cat-conferencing","8":"first","9":"instock","10":"taxable","11":"shipping-taxable","12":"purchasable","13":"product-type-simple","14":"entry","15":"content-bg","16":"loop-entry"},"taxonomy_info":{"product_cat":[{"value":32,"label":"Conferencing"}]},"featured_image_src_large":["https:\/\/i0.wp.com\/spracht.com\/wp-content\/uploads\/2023\/06\/MIC-2010_4.jpg?fit=944%2C1024&ssl=1",944,1024,true],"author_info":[],"comment_info":2,"jetpack_sharing_enabled":true,"_links":{"self":[{"href":"https:\/\/spracht.com\/es\/wp-json\/wp\/v2\/product\/1337","targetHints":{"allow":["GET"]}}],"collection":[{"href":"https:\/\/spracht.com\/es\/wp-json\/wp\/v2\/product"}],"about":[{"href":"https:\/\/spracht.com\/es\/wp-json\/wp\/v2\/types\/product"}],"replies":[{"embeddable":true,"href":"https:\/\/spracht.com\/es\/wp-json\/wp\/v2\/comments?post=1337"}],"wp:featuredmedia":[{"embeddable":true,"href":"https:\/\/spracht.com\/es\/wp-json\/wp\/v2\/media\/1341"}],"wp:attachment":[{"href":"https:\/\/spracht.com\/es\/wp-json\/wp\/v2\/media?parent=1337"}],"wp:term":[{"taxonomy":"product_brand","embeddable":true,"href":"https:\/\/spracht.com\/es\/wp-json\/wp\/v2\/product_brand?post=1337"},{"taxonomy":"product_cat","embeddable":true,"href":"https:\/\/spracht.com\/es\/wp-json\/wp\/v2\/product_cat?post=1337"},{"taxonomy":"product_tag","embeddable":true,"href":"https:\/\/spracht.com\/es\/wp-json\/wp\/v2\/product_tag?post=1337"}],"curies":[{"name":"wp","href":"https:\/\/api.w.org\/{rel}","templated":true}]}}