{"id":1331,"date":"2023-06-16T17:54:17","date_gmt":"2023-06-17T00:54:17","guid":{"rendered":"https:\/\/spracht.com\/?post_type=product&#038;p=1331"},"modified":"2026-04-13T12:59:42","modified_gmt":"2026-04-13T19:59:42","slug":"conference-mate-pro","status":"publish","type":"product","link":"https:\/\/spracht.com\/es\/shop\/conference-mate-pro\/","title":{"rendered":"Conference Mate Pro\u2122"},"content":{"rendered":"<p>Ahora que tantas empresas est\u00e1n aumentando el n\u00famero de trabajadores remotos, \u00bfpor qu\u00e9 conformarse con el audio de una laptop que no permite una comunicaci\u00f3n clara? Con Conference Mate Pro, experimentar\u00e1 cancelaci\u00f3n de ruido de fondo y audio compartido claro para que todos puedan ser escuchados.<\/p>\n<p>Con un alcance de m\u00e1s de 32 pies, puedes usar el altavoz inal\u00e1mbrico Conference Mate Pro en cualquier sala de conferencias o oficina peque\u00f1a. Ya sea que lo uses para llamadas de Skype, Zoom, GoToMeeting, WebEx o Microsoft TEAMS, tu mensaje ser\u00e1 claro.<\/p>\n<p><strong>Caracter\u00edsticas de Conference Mate Pro\u2122<\/strong><\/p>\n<ol>\n<li>Compatibilidad: Plug and Play para computadoras PC\/Mac, dispositivos Bluetooth.<\/li>\n<li>Bluetooth 5, USB 2.0<\/li>\n<li>Alcance inal\u00e1mbrico de hasta 32.8 pies \/ 12 m.<\/li>\n<li>6 micr\u00f3fonos que permiten una cobertura de 360\u00b0.<\/li>\n<li>Carga duradera.<\/li>\n<li>\u00dasalo con el USB de tu computadora para Zoom, Skype, Teams<\/li>\n<li>16 Niveles de sonido.<\/li>\n<li>Asistente de voz (Siri, Alexa) bajo demanda.<\/li>\n<\/ol>\n<p>Parte# SPT-MCP4010<br \/>\nUPC 800807300668<br \/>\nPrecio de venta sugerido por el fabricante: $139.99 | Nuestro precio: $99.99 | Te ahorras: $40.00<\/p>","protected":false},"excerpt":{"rendered":"<p>Precio de venta sugerido por el fabricante <s>$139.99<\/s><br \/>\n\u00a1Ahorras $40.00 del precio sugerido por el fabricante!<\/p>\n<p>Altavoz Spracht MCP-4010 Conference Mate\u2122 Pro, altavoz inal\u00e1mbrico Bluetooth y USB. Altavoz de conferencia, 6 micr\u00f3fonos de conferencia omnidireccionales para cobertura de 360\u00b0, reducci\u00f3n de ruido inteligente DSP. \u00dasalo con el USB de tu computadora para Zoom, Teams, Skype.<\/p>","protected":false},"featured_media":1335,"comment_status":"open","ping_status":"closed","template":"","meta":{"_kad_blocks_custom_css":"","_kad_blocks_head_custom_js":"","_kad_blocks_body_custom_js":"","_kad_blocks_footer_custom_js":"","_kad_post_transparent":"default","_kad_post_title":"","_kad_post_layout":"default","_kad_post_sidebar_id":"","_kad_post_content_style":"default","_kad_post_vertical_padding":"default","_kad_post_feature":"","_kad_post_feature_position":"","_kad_post_header":false,"_kad_post_footer":false,"_kad_post_classname":""},"product_brand":[],"product_cat":[32],"product_tag":[],"class_list":{"0":"post-1331","1":"product","2":"type-product","3":"status-publish","4":"has-post-thumbnail","6":"product_cat-conferencing","8":"first","9":"instock","10":"taxable","11":"shipping-taxable","12":"purchasable","13":"product-type-simple","14":"entry","15":"content-bg","16":"loop-entry"},"taxonomy_info":{"product_cat":[{"value":32,"label":"Conferencing"}]},"featured_image_src_large":["https:\/\/i0.wp.com\/spracht.com\/wp-content\/uploads\/2023\/06\/MCP-4010_5.jpg?fit=944%2C1024&ssl=1",944,1024,true],"author_info":[],"comment_info":76,"jetpack_sharing_enabled":true,"_links":{"self":[{"href":"https:\/\/spracht.com\/es\/wp-json\/wp\/v2\/product\/1331","targetHints":{"allow":["GET"]}}],"collection":[{"href":"https:\/\/spracht.com\/es\/wp-json\/wp\/v2\/product"}],"about":[{"href":"https:\/\/spracht.com\/es\/wp-json\/wp\/v2\/types\/product"}],"replies":[{"embeddable":true,"href":"https:\/\/spracht.com\/es\/wp-json\/wp\/v2\/comments?post=1331"}],"wp:featuredmedia":[{"embeddable":true,"href":"https:\/\/spracht.com\/es\/wp-json\/wp\/v2\/media\/1335"}],"wp:attachment":[{"href":"https:\/\/spracht.com\/es\/wp-json\/wp\/v2\/media?parent=1331"}],"wp:term":[{"taxonomy":"product_brand","embeddable":true,"href":"https:\/\/spracht.com\/es\/wp-json\/wp\/v2\/product_brand?post=1331"},{"taxonomy":"product_cat","embeddable":true,"href":"https:\/\/spracht.com\/es\/wp-json\/wp\/v2\/product_cat?post=1331"},{"taxonomy":"product_tag","embeddable":true,"href":"https:\/\/spracht.com\/es\/wp-json\/wp\/v2\/product_tag?post=1331"}],"curies":[{"name":"wp","href":"https:\/\/api.w.org\/{rel}","templated":true}]}}