{"id":1325,"date":"2023-06-16T17:47:23","date_gmt":"2023-06-17T00:47:23","guid":{"rendered":"https:\/\/spracht.com\/?post_type=product&#038;p=1325"},"modified":"2026-03-20T13:21:53","modified_gmt":"2026-03-20T20:21:53","slug":"aura-conference-speaker","status":"publish","type":"product","link":"https:\/\/spracht.com\/es\/shop\/aura-conference-speaker\/","title":{"rendered":"Conferencia Aura Speaker\u2122"},"content":{"rendered":"<p>Ideal para llamadas de conferencia, reuniones por video como Zoom y Teams, y presentaciones multimedia. Su dise\u00f1o compacto y port\u00e1til permite transportarlo y guardarlo f\u00e1cilmente.<\/p>\n<p>\u00bfEn camino? Ll\u00e9valo contigo: peque\u00f1o y port\u00e1til adem\u00e1s de potente. Viene con un estuche para que lo protejas en el transporte.<\/p>\n<p><strong>Caracter\u00edsticas de Aura Conference Speaker\u2122<\/strong><\/p>\n<ol>\n<li>Compatibilidad: Plug and Play para computadoras PC\/Mac, dispositivos Bluetooth.<\/li>\n<li>Bluetooth 5, USB 2.0<\/li>\n<li>2 micr\u00f3fonos omnidireccionales: rango de captaci\u00f3n de voz de 1.8 m a 2.7 m\u2019<\/li>\n<li>Cable USB de 3 pies<\/li>\n<li>\u00dasalo con el USB de tu computadora para Zoom, Skype, Teams<\/li>\n<li>Hasta 3 conexiones simult\u00e1neas: 2 Bluetooth + 1 USB.<\/li>\n<li>Funda protectora para que la puedas llevar contigo.<\/li>\n<li>Interact\u00faa con tu asistente de voz (Siri, Alexa) con el bot\u00f3n de asistente de voz de un solo toque cuando est\u00e9 emparejado con tu smartphone.<\/li>\n<\/ol>\n<p>Parte# SPT-MCPBTUSB<br \/>\nUPC 800807330269<br \/>\nP.V.P.: $249.99 | Nuestro Precio: $199.99 | Ahorras: $50.00<\/p>","protected":false},"excerpt":{"rendered":"<p>Precio de venta sugerido por el fabricante <s>$249.99<\/s><br \/>\n\u00a1Ahorras $50.00 del Precio de Venta Sugerido por el Fabricante!<\/p>\n<p>Dise\u00f1ado para proporcionar audio de alta calidad para reuniones, presentaciones y otras reuniones de grupo, con opciones de conectividad Bluetooth y USB, ofrece flexibilidad y comodidad. Bluetooth 5 para conexi\u00f3n inal\u00e1mbrica a smartphones, tabletas y port\u00e1tiles; USB permite una sencilla funcionalidad plug-and-play con PC\/Mac.<\/p>","protected":false},"featured_media":1326,"comment_status":"open","ping_status":"closed","template":"","meta":{"_kad_blocks_custom_css":"","_kad_blocks_head_custom_js":"","_kad_blocks_body_custom_js":"","_kad_blocks_footer_custom_js":"","_kad_post_transparent":"default","_kad_post_title":"","_kad_post_layout":"default","_kad_post_sidebar_id":"","_kad_post_content_style":"default","_kad_post_vertical_padding":"default","_kad_post_feature":"","_kad_post_feature_position":"","_kad_post_header":false,"_kad_post_footer":false,"_kad_post_classname":""},"product_brand":[],"product_cat":[32],"product_tag":[],"class_list":{"0":"post-1325","1":"product","2":"type-product","3":"status-publish","4":"has-post-thumbnail","6":"product_cat-conferencing","8":"first","9":"instock","10":"taxable","11":"shipping-taxable","12":"purchasable","13":"product-type-simple","14":"entry","15":"content-bg","16":"loop-entry"},"taxonomy_info":{"product_cat":[{"value":32,"label":"Conferencing"}]},"featured_image_src_large":["https:\/\/i0.wp.com\/spracht.com\/wp-content\/uploads\/2023\/06\/AuraConfSpeak_1.jpg?fit=944%2C1024&ssl=1",944,1024,true],"author_info":[],"comment_info":204,"jetpack_sharing_enabled":true,"_links":{"self":[{"href":"https:\/\/spracht.com\/es\/wp-json\/wp\/v2\/product\/1325","targetHints":{"allow":["GET"]}}],"collection":[{"href":"https:\/\/spracht.com\/es\/wp-json\/wp\/v2\/product"}],"about":[{"href":"https:\/\/spracht.com\/es\/wp-json\/wp\/v2\/types\/product"}],"replies":[{"embeddable":true,"href":"https:\/\/spracht.com\/es\/wp-json\/wp\/v2\/comments?post=1325"}],"wp:featuredmedia":[{"embeddable":true,"href":"https:\/\/spracht.com\/es\/wp-json\/wp\/v2\/media\/1326"}],"wp:attachment":[{"href":"https:\/\/spracht.com\/es\/wp-json\/wp\/v2\/media?parent=1325"}],"wp:term":[{"taxonomy":"product_brand","embeddable":true,"href":"https:\/\/spracht.com\/es\/wp-json\/wp\/v2\/product_brand?post=1325"},{"taxonomy":"product_cat","embeddable":true,"href":"https:\/\/spracht.com\/es\/wp-json\/wp\/v2\/product_cat?post=1325"},{"taxonomy":"product_tag","embeddable":true,"href":"https:\/\/spracht.com\/es\/wp-json\/wp\/v2\/product_tag?post=1325"}],"curies":[{"name":"wp","href":"https:\/\/api.w.org\/{rel}","templated":true}]}}