{"id":1321,"date":"2023-06-16T17:40:23","date_gmt":"2023-06-17T00:40:23","guid":{"rendered":"https:\/\/spracht.com\/?post_type=product&#038;p=1321"},"modified":"2026-03-20T12:07:08","modified_gmt":"2026-03-20T19:07:08","slug":"aura-video-mate","status":"publish","type":"product","link":"https:\/\/spracht.com\/es\/shop\/aura-video-mate\/","title":{"rendered":"Aura Video Mate\u2122"},"content":{"rendered":"<p>\u00bfSkype? \u00bfCisco Spark? \u00a1Vengan con todo!<\/p>\n<p>Lo suficientemente potente para una sala de conferencias, lo suficientemente peque\u00f1o para un escritorio u oficina en casa, y perfecto para salas de reuniones y videoconferencias improvisadas. Con video HD de 1080p y un gran angular de 120\u00b0, tus colegas podr\u00e1n unirse a ti en videoconferencias de grupos peque\u00f1os. El altavoz d\u00faplex completo con cancelaci\u00f3n de eco y ruido asegura que todos se escuchen bien. Todo desde este poderoso y peque\u00f1o dispositivo con una huella m\u00ednima. Simplemente conecta el USB y estar\u00e1s listo para usarlo, no se requiere software.<\/p>\n<p><strong>Aura Video Mate\u2122 incluye<\/strong><\/p>\n<ol>\n<li>Video HD de 1080p para una imagen clara y fluida.<\/li>\n<li>C\u00e1mara con gran angular de 120\u00b0, para que otros puedan unirse y aparecer en la transmisi\u00f3n.<\/li>\n<li>Verdadero plug and play: solo conecta el USB a tu PC\/Mac y estar\u00e1s listo. No se necesita software.<\/li>\n<li>Alta eficiencia inteligente DSP significa que tanto el micr\u00f3fono como el altavoz producir\u00e1n un audio excelente.<\/li>\n<li>Los algoritmos de voz producen sonido claro y d\u00faplex completo, para que puedas escuchar a la otra persona mientras hablas.<\/li>\n<li>Lo mejor de todo es que ahora tus videoconferencias pueden ser donde sea que est\u00e9 tu laptop.<\/li>\n<\/ol>\n<p>N\u00famero de parte: SPT-CC2020<br \/>\nUPC: 800807340039<br \/>\nPVP: $399.99 | Nuestro precio: $349.99 | Ahorras: $50.00<\/p>","protected":false},"excerpt":{"rendered":"<p>Precio de venta sugerido por el fabricante <s>$399.99<\/s><br \/>\n\u00a1Ahorras $50.00 del Precio de Venta Sugerido por el Fabricante!<\/p>\n<p>C\u00e1mara de videoconferencia HD Spracht CC-2020 Aura Video Mate\u2122 con audio v\u00eda USB para Zoom, Teams, Skype y otras aplicaciones VoIP. Con\u00e9ctala a tu PC o Mac para video HD y audio claro, full duplex. Ideal para salas de reuniones peque\u00f1as de 5\/6 personas. C\u00e1mara con \u00e1ngulo de 120 grados.<\/p>","protected":false},"featured_media":1324,"comment_status":"open","ping_status":"closed","template":"","meta":{"_kad_blocks_custom_css":"","_kad_blocks_head_custom_js":"","_kad_blocks_body_custom_js":"","_kad_blocks_footer_custom_js":"","_kad_post_transparent":"default","_kad_post_title":"","_kad_post_layout":"default","_kad_post_sidebar_id":"","_kad_post_content_style":"default","_kad_post_vertical_padding":"default","_kad_post_feature":"","_kad_post_feature_position":"","_kad_post_header":false,"_kad_post_footer":false,"_kad_post_classname":""},"product_brand":[],"product_cat":[32],"product_tag":[],"class_list":{"0":"post-1321","1":"product","2":"type-product","3":"status-publish","4":"has-post-thumbnail","6":"product_cat-conferencing","8":"first","9":"instock","10":"taxable","11":"shipping-taxable","12":"purchasable","13":"product-type-simple","14":"entry","15":"content-bg","16":"loop-entry"},"taxonomy_info":{"product_cat":[{"value":32,"label":"Conferencing"}]},"featured_image_src_large":["https:\/\/i0.wp.com\/spracht.com\/wp-content\/uploads\/2023\/06\/AuraVideoMate3N.jpg?fit=944%2C1024&ssl=1",944,1024,true],"author_info":[],"comment_info":26,"jetpack_sharing_enabled":true,"_links":{"self":[{"href":"https:\/\/spracht.com\/es\/wp-json\/wp\/v2\/product\/1321","targetHints":{"allow":["GET"]}}],"collection":[{"href":"https:\/\/spracht.com\/es\/wp-json\/wp\/v2\/product"}],"about":[{"href":"https:\/\/spracht.com\/es\/wp-json\/wp\/v2\/types\/product"}],"replies":[{"embeddable":true,"href":"https:\/\/spracht.com\/es\/wp-json\/wp\/v2\/comments?post=1321"}],"wp:featuredmedia":[{"embeddable":true,"href":"https:\/\/spracht.com\/es\/wp-json\/wp\/v2\/media\/1324"}],"wp:attachment":[{"href":"https:\/\/spracht.com\/es\/wp-json\/wp\/v2\/media?parent=1321"}],"wp:term":[{"taxonomy":"product_brand","embeddable":true,"href":"https:\/\/spracht.com\/es\/wp-json\/wp\/v2\/product_brand?post=1321"},{"taxonomy":"product_cat","embeddable":true,"href":"https:\/\/spracht.com\/es\/wp-json\/wp\/v2\/product_cat?post=1321"},{"taxonomy":"product_tag","embeddable":true,"href":"https:\/\/spracht.com\/es\/wp-json\/wp\/v2\/product_tag?post=1321"}],"curies":[{"name":"wp","href":"https:\/\/api.w.org\/{rel}","templated":true}]}}