{"id":1314,"date":"2023-06-16T17:32:46","date_gmt":"2023-06-17T00:32:46","guid":{"rendered":"https:\/\/spracht.com\/?post_type=product&#038;p=1314"},"modified":"2026-03-23T04:54:14","modified_gmt":"2026-03-23T11:54:14","slug":"aura-professional-uc","status":"publish","type":"product","link":"https:\/\/spracht.com\/es\/shop\/aura-professional-uc\/","title":{"rendered":"Aura Profesional UC\u2122"},"content":{"rendered":"<p>Un tel\u00e9fono de conferencias con todo lo que necesitas<\/p>\n<p>Con\u00e9ctalo a tu l\u00ednea terrenal (PSTN) para conferencias est\u00e1ndar, o como un Softphone con tu PC\/Mac v\u00eda USB. Incluso puedes a\u00f1adir micr\u00f3fonos externos, un amplificador de potencia o una mesa de mezclas utilizando los puertos de audio auxiliar.<\/p>\n<p>El Aura Professional UC\u2122 tiene todo lo que necesitas para sonar profesional, sin el alto precio. Te permite conferenciar utilizando una variedad de dispositivos, lo que lo convierte en una opci\u00f3n vers\u00e1til y flexible.<\/p>\n<p><strong>Caracter\u00edsticas de Aura Professional UC\u2122<\/strong><\/p>\n<ol>\n<li>Compatibilidad: L\u00ednea PSTN anal\u00f3gica y Softphone para PC\/Mac mediante USB.<\/li>\n<li>Silenciar llamada, poner llamada en espera, llamada a tres bandas en todos los modos.<\/li>\n<li>Cancelaci\u00f3n de eco ac\u00fastico de banda ancha con voz HD, supresi\u00f3n de ruido din\u00e1mica, control autom\u00e1tico de ganancia, ecualizaci\u00f3n de banda de voz y mezcla inteligente de micr\u00f3fonos.<\/li>\n<li>Realiza llamadas de conferencia con Skype y otras aplicaciones de VoIP usando tu PC\/Mac.<\/li>\n<li>Marcaci\u00f3n directa de la RTC, redial, discado r\u00e1pido, rellamada, segundo flash.<\/li>\n<li>Cambia de llamadas telef\u00f3nicas an\u00e1logas a llamadas VoIP por USB sin interrupciones.<\/li>\n<\/ol>\n<p>Parte# SPT-CP3012<br \/>\nUPC 800807300484<br \/>\nPVP: $519.99 | Nuestro Precio: $419.99 | Ahorra: $100.00<\/p>","protected":false},"excerpt":{"rendered":"<p>Precio de venta sugerido por el fabricante <s>$519.99<\/s><br \/>\n\u00a1Ahorras $100.00 del precio de venta sugerido por el fabricante!<\/p>\n<p>Tel\u00e9fono de conferencia Spracht CP-3012 Aura Professional UC\u2122, para escritorio, PTSN y softphone para PC\/Mac v\u00eda USB. Realice llamadas de conferencia de Zoom, Teams y otras aplicaciones VoIP. 4 micr\u00f3fonos internos. Puede agregar micr\u00f3fonos externos, amplificador de potencia o consola de mezcla usando los puertos de audio auxiliar.<\/p>","protected":false},"featured_media":1316,"comment_status":"open","ping_status":"closed","template":"","meta":{"_kad_blocks_custom_css":"","_kad_blocks_head_custom_js":"","_kad_blocks_body_custom_js":"","_kad_blocks_footer_custom_js":"","_kad_post_transparent":"default","_kad_post_title":"","_kad_post_layout":"default","_kad_post_sidebar_id":"","_kad_post_content_style":"default","_kad_post_vertical_padding":"default","_kad_post_feature":"","_kad_post_feature_position":"","_kad_post_header":false,"_kad_post_footer":false,"_kad_post_classname":""},"product_brand":[],"product_cat":[32],"product_tag":[],"class_list":{"0":"post-1314","1":"product","2":"type-product","3":"status-publish","4":"has-post-thumbnail","6":"product_cat-conferencing","8":"first","9":"instock","10":"taxable","11":"shipping-taxable","12":"purchasable","13":"product-type-simple","14":"entry","15":"content-bg","16":"loop-entry"},"taxonomy_info":{"product_cat":[{"value":32,"label":"Conferencing"}]},"featured_image_src_large":["https:\/\/i0.wp.com\/spracht.com\/wp-content\/uploads\/2023\/06\/AuraProfessionalUC1_CP-3012_02.jpg?fit=944%2C1024&ssl=1",944,1024,true],"author_info":[],"comment_info":82,"jetpack_sharing_enabled":true,"_links":{"self":[{"href":"https:\/\/spracht.com\/es\/wp-json\/wp\/v2\/product\/1314","targetHints":{"allow":["GET"]}}],"collection":[{"href":"https:\/\/spracht.com\/es\/wp-json\/wp\/v2\/product"}],"about":[{"href":"https:\/\/spracht.com\/es\/wp-json\/wp\/v2\/types\/product"}],"replies":[{"embeddable":true,"href":"https:\/\/spracht.com\/es\/wp-json\/wp\/v2\/comments?post=1314"}],"wp:featuredmedia":[{"embeddable":true,"href":"https:\/\/spracht.com\/es\/wp-json\/wp\/v2\/media\/1316"}],"wp:attachment":[{"href":"https:\/\/spracht.com\/es\/wp-json\/wp\/v2\/media?parent=1314"}],"wp:term":[{"taxonomy":"product_brand","embeddable":true,"href":"https:\/\/spracht.com\/es\/wp-json\/wp\/v2\/product_brand?post=1314"},{"taxonomy":"product_cat","embeddable":true,"href":"https:\/\/spracht.com\/es\/wp-json\/wp\/v2\/product_cat?post=1314"},{"taxonomy":"product_tag","embeddable":true,"href":"https:\/\/spracht.com\/es\/wp-json\/wp\/v2\/product_tag?post=1314"}],"curies":[{"name":"wp","href":"https:\/\/api.w.org\/{rel}","templated":true}]}}