{"id":1307,"date":"2023-06-16T17:24:43","date_gmt":"2023-06-17T00:24:43","guid":{"rendered":"https:\/\/spracht.com\/?post_type=product&#038;p=1307"},"modified":"2026-04-22T07:03:33","modified_gmt":"2026-04-22T14:03:33","slug":"aura-professional-secure-analog-phone","status":"publish","type":"product","link":"https:\/\/spracht.com\/es\/shop\/aura-professional-secure-analog-phone\/","title":{"rendered":"Tel\u00e9fono Anal\u00f3gico Seguro Aura Professional\u2122"},"content":{"rendered":"<p>\u00bfNecesita un tel\u00e9fono anal\u00f3gico seguro compatible con TAA para conferencias?<\/p>\n<p>Supongamos que acabas de actualizar a una sala de conferencias m\u00e1s grande y ahora tiene capacidad para quince personas. O que ten\u00edas un tel\u00e9fono de conferencias muy usado que finalmente dej\u00f3 de funcionar. Podr\u00edas estar listo para un tel\u00e9fono de conferencias para peque\u00f1as empresas que ofrezca sonido profesional de alta calidad, pero que siga siendo asequible.<\/p>\n<p>Este tel\u00e9fono de conferencia con seis (6) micr\u00f3fonos viene con todo lo que necesita para conversaciones claras y d\u00faplex. Ajusta autom\u00e1ticamente el circuito del tel\u00e9fono para que pueda usarlo en cualquier parte del mundo. \u00a1Todo lo que necesita para sonar profesional, sin el alto precio!<\/p>\n<p><strong>Caracter\u00edsticas de Aura Professional\u2122<\/strong><\/p>\n<ol>\n<li>Marcaci\u00f3n directa de la RTC, redial, discado r\u00e1pido, rellamada, segundo flash.<\/li>\n<li>D\u00faplex completo, que permite conversaciones bidireccionales simult\u00e1neas.<\/li>\n<li>Sonido claro y natural gracias a la cancelaci\u00f3n de eco ac\u00fastica de banda ancha y la supresi\u00f3n din\u00e1mica de ruido. Tambi\u00e9n incluye supresi\u00f3n de eco de l\u00ednea telef\u00f3nica.<\/li>\n<li>Viene con seis micr\u00f3fonos, cuatro internos y dos externos. Mezcla autom\u00e1tica e inteligente de micr\u00f3fonos incorporada para que tambi\u00e9n te escuchen bien.<\/li>\n<li>Puedes almacenar veinte n\u00fameros en la agenda y llamar r\u00e1pidamente a veinte grupos.<\/li>\n<li>La pantalla LCD de 3 l\u00edneas muestra el identificador de llamadas.<\/li>\n<li>Altavoz de 5 vatios genera un volumen de hasta 90 dB.<\/li>\n<\/ol>\n<p>Parte# SPT-CP3010<br \/>\nUPC 800807300460<br \/>\nPrecio de venta sugerido por el fabricante: $519.99 | Nuestro precio: $389.99 | Ahorra: $130.00<\/p>","protected":false},"excerpt":{"rendered":"<p>Precio de venta sugerido por el fabricante <s>$519.99<\/s><br \/>\n\u00a1Ahorras $130.00 del Precio de Venta Sugerido por el Fabricante!<\/p>\n<p>Audio Seguro y Cr\u00edtico para Misiones: El Aura Professional\u2122 CP-3010 es un tel\u00e9fono de conferencias anal\u00f3gico dise\u00f1ado para entornos de alta seguridad donde la privacidad de la red es innegociable. Con 6 micr\u00f3fonos (4 internos, 2 externos) para una claridad full-duplex, esta unidad opera exclusivamente a trav\u00e9s de conexiones PSTN\/anal\u00f3gicas, lo que significa que no hay internet, ni Bluetooth, ni vulnerabilidades de red. Cumple con el TAA y est\u00e1 dise\u00f1ado espec\u00edficamente para aplicaciones gubernamentales, de defensa y legales.<\/p>","protected":false},"featured_media":1309,"comment_status":"open","ping_status":"closed","template":"","meta":{"_kad_blocks_custom_css":"","_kad_blocks_head_custom_js":"","_kad_blocks_body_custom_js":"","_kad_blocks_footer_custom_js":"","_kad_post_transparent":"default","_kad_post_title":"","_kad_post_layout":"default","_kad_post_sidebar_id":"","_kad_post_content_style":"default","_kad_post_vertical_padding":"default","_kad_post_feature":"","_kad_post_feature_position":"","_kad_post_header":false,"_kad_post_footer":false,"_kad_post_classname":""},"product_brand":[],"product_cat":[60,32],"product_tag":[64,62,66,61,65,63],"class_list":{"0":"post-1307","1":"product","2":"type-product","3":"status-publish","4":"has-post-thumbnail","6":"product_cat-secure-audio","7":"product_cat-conferencing","8":"product_tag-government","9":"product_tag-no-bluetooth","10":"product_tag-non-ip","11":"product_tag-secure-analog-phone","12":"product_tag-secure-audio","13":"product_tag-taa-compliant","15":"first","16":"instock","17":"taxable","18":"shipping-taxable","19":"purchasable","20":"product-type-simple","21":"entry","22":"content-bg","23":"loop-entry"},"taxonomy_info":{"product_cat":[{"value":60,"label":"Secure Audio"},{"value":32,"label":"Conferencing"}],"product_tag":[{"value":64,"label":"Government"},{"value":62,"label":"No Bluetooth"},{"value":66,"label":"Non-IP"},{"value":61,"label":"Secure Analog Phone"},{"value":65,"label":"Secure Audio"},{"value":63,"label":"TAA Compliant"}]},"featured_image_src_large":["https:\/\/i0.wp.com\/spracht.com\/wp-content\/uploads\/2023\/06\/AuraPro_CP-3010_2_03.jpg?fit=944%2C1024&ssl=1",944,1024,true],"author_info":[],"comment_info":0,"jetpack_sharing_enabled":true,"_links":{"self":[{"href":"https:\/\/spracht.com\/es\/wp-json\/wp\/v2\/product\/1307","targetHints":{"allow":["GET"]}}],"collection":[{"href":"https:\/\/spracht.com\/es\/wp-json\/wp\/v2\/product"}],"about":[{"href":"https:\/\/spracht.com\/es\/wp-json\/wp\/v2\/types\/product"}],"replies":[{"embeddable":true,"href":"https:\/\/spracht.com\/es\/wp-json\/wp\/v2\/comments?post=1307"}],"wp:featuredmedia":[{"embeddable":true,"href":"https:\/\/spracht.com\/es\/wp-json\/wp\/v2\/media\/1309"}],"wp:attachment":[{"href":"https:\/\/spracht.com\/es\/wp-json\/wp\/v2\/media?parent=1307"}],"wp:term":[{"taxonomy":"product_brand","embeddable":true,"href":"https:\/\/spracht.com\/es\/wp-json\/wp\/v2\/product_brand?post=1307"},{"taxonomy":"product_cat","embeddable":true,"href":"https:\/\/spracht.com\/es\/wp-json\/wp\/v2\/product_cat?post=1307"},{"taxonomy":"product_tag","embeddable":true,"href":"https:\/\/spracht.com\/es\/wp-json\/wp\/v2\/product_tag?post=1307"}],"curies":[{"name":"wp","href":"https:\/\/api.w.org\/{rel}","templated":true}]}}