{"id":1292,"date":"2023-06-16T15:55:23","date_gmt":"2023-06-16T22:55:23","guid":{"rendered":"https:\/\/spracht.com\/?post_type=product&#038;p=1292"},"modified":"2025-10-27T01:01:20","modified_gmt":"2025-10-27T08:01:20","slug":"aura-1080p-webcam","status":"publish","type":"product","link":"https:\/\/spracht.com\/es\/producto\/aura-1080p-webcam\/","title":{"rendered":"Aura 1080P Webcam\u2122"},"content":{"rendered":"<p>\u00bfZoom? \u00bfSkype? \u00a1Adelante!<\/p>\n<p>\u00bfEst\u00e1s trabajando desde casa o tomando clases a distancia? Con video HD de 1080p, una vista gran angular de 110\u00b0 y un micr\u00f3fono de alta calidad, puedes realizar videoconferencias con facilidad. Plug and play, as\u00ed que no hay software que instalar: solo conecta el USB y listo. Todo desde este potente y peque\u00f1o dispositivo de huella m\u00ednima.<\/p>\n<p><strong>Caracter\u00edsticas de la Aura 1080P HD Webcam\u2122<\/strong><\/p>\n<ol>\n<li>Compatibilidad: Computadoras PC\/Mac. No para tel\u00e9fonos de escritorio o smartphones.<\/li>\n<li>Video HD 1080p para una imagen clara y fluida, 1920 \u00d7 1080.<\/li>\n<li>C\u00e1mara con vista gran angular de 110\u00b0<\/li>\n<li>30\u00a0fps<\/li>\n<li>Conexi\u00f3n y uso inmediatos: simplemente conecta el USB a tu PC\/Mac y estar\u00e1s listo para usarlo. No se necesita software.<\/li>\n<li>Micr\u00f3fono de alta calidad.<\/li>\n<li>Usa tu propio altavoz.<\/li>\n<\/ol>\n<p>Parte# SPT-CCUSB1080P<br \/>\nUPC 800807340060<br \/>\nPVP: $59.99 | Nuestro precio: $49.99 | Ahorra: $10.00<\/p>","protected":false},"excerpt":{"rendered":"<p>Precio de venta sugerido por el fabricante <s>$59.99<\/s><br \/>\n\u00a1Ahorras $$10.00 del Precio de Venta Sugerido por el Fabricante!<\/p>\n<p>Spracht CC-USB-1080P Aura 1080P HD Webcam\u2122 Video y Micr\u00f3fono de Alta Calidad v\u00eda USB para Zoom, Skype y otras aplicaciones de VoIP. \u00c1ngulo de visi\u00f3n amplio de 110\u00b0. Micr\u00f3fono de alta calidad. Plug and Play, por lo que no hay software que instalar. Video HD de 30 fps, 1920 \u00d7 1080.<\/p>","protected":false},"featured_media":1299,"comment_status":"open","ping_status":"closed","template":"","meta":{"_kad_blocks_custom_css":"","_kad_blocks_head_custom_js":"","_kad_blocks_body_custom_js":"","_kad_blocks_footer_custom_js":"","_kad_post_transparent":"default","_kad_post_title":"","_kad_post_layout":"default","_kad_post_sidebar_id":"","_kad_post_content_style":"default","_kad_post_vertical_padding":"default","_kad_post_feature":"","_kad_post_feature_position":"","_kad_post_header":false,"_kad_post_footer":false,"_kad_post_classname":""},"product_brand":[],"product_cat":[32],"product_tag":[],"class_list":{"0":"post-1292","1":"product","2":"type-product","3":"status-publish","4":"has-post-thumbnail","6":"product_cat-conferencing","8":"first","9":"outofstock","10":"taxable","11":"shipping-taxable","12":"purchasable","13":"product-type-simple","14":"entry","15":"content-bg","16":"loop-entry"},"taxonomy_info":{"product_cat":[{"value":32,"label":"Conferencing"}]},"featured_image_src_large":["https:\/\/i0.wp.com\/spracht.com\/wp-content\/uploads\/2023\/06\/CC-USB-1080P_7.jpg?fit=944%2C1024&ssl=1",944,1024,true],"author_info":[],"comment_info":1,"jetpack_sharing_enabled":true,"_links":{"self":[{"href":"https:\/\/spracht.com\/es\/wp-json\/wp\/v2\/product\/1292","targetHints":{"allow":["GET"]}}],"collection":[{"href":"https:\/\/spracht.com\/es\/wp-json\/wp\/v2\/product"}],"about":[{"href":"https:\/\/spracht.com\/es\/wp-json\/wp\/v2\/types\/product"}],"replies":[{"embeddable":true,"href":"https:\/\/spracht.com\/es\/wp-json\/wp\/v2\/comments?post=1292"}],"wp:featuredmedia":[{"embeddable":true,"href":"https:\/\/spracht.com\/es\/wp-json\/wp\/v2\/media\/1299"}],"wp:attachment":[{"href":"https:\/\/spracht.com\/es\/wp-json\/wp\/v2\/media?parent=1292"}],"wp:term":[{"taxonomy":"product_brand","embeddable":true,"href":"https:\/\/spracht.com\/es\/wp-json\/wp\/v2\/product_brand?post=1292"},{"taxonomy":"product_cat","embeddable":true,"href":"https:\/\/spracht.com\/es\/wp-json\/wp\/v2\/product_cat?post=1292"},{"taxonomy":"product_tag","embeddable":true,"href":"https:\/\/spracht.com\/es\/wp-json\/wp\/v2\/product_tag?post=1292"}],"curies":[{"name":"wp","href":"https:\/\/api.w.org\/{rel}","templated":true}]}}