{"id":1109,"date":"2023-06-14T14:55:31","date_gmt":"2023-06-14T21:55:31","guid":{"rendered":"https:\/\/spracht.com\/?page_id=1109"},"modified":"2026-04-28T05:34:49","modified_gmt":"2026-04-28T12:34:49","slug":"press","status":"publish","type":"page","link":"https:\/\/spracht.com\/es\/press\/","title":{"rendered":"Pulse"},"content":{"rendered":"<style>.kb-row-layout-id1109_77a109-b7 > .kt-row-column-wrap{align-content:start;}:where(.kb-row-layout-id1109_77a109-b7 > .kt-row-column-wrap) > .wp-block-kadence-column{justify-content:start;}.kb-row-layout-id1109_77a109-b7 > .kt-row-column-wrap{column-gap:var(--global-kb-gap-md, 2rem);row-gap:var(--global-kb-gap-md, 2rem);padding-top:var(--global-kb-spacing-sm, 1.5rem);padding-bottom:var(--global-kb-spacing-sm, 1.5rem);grid-template-columns:minmax(0, 1fr);}.kb-row-layout-id1109_77a109-b7 > .kt-row-layout-overlay{opacity:0.30;}@media all and (max-width: 1024px){.kb-row-layout-id1109_77a109-b7 > .kt-row-column-wrap{grid-template-columns:minmax(0, 1fr);}}@media all and (max-width: 767px){.kb-row-layout-id1109_77a109-b7 > .kt-row-column-wrap{grid-template-columns:minmax(0, 1fr);}}<\/style><div class=\"kb-row-layout-wrap kb-row-layout-id1109_77a109-b7 alignnone wp-block-kadence-rowlayout\"><div class=\"kt-row-column-wrap kt-has-1-columns kt-row-layout-equal kt-tab-layout-inherit kt-mobile-layout-row kt-row-valign-top\">\n<style>.kadence-column1109_720c7b-a8 > .kt-inside-inner-col,.kadence-column1109_720c7b-a8 > .kt-inside-inner-col:before{border-top-left-radius:0px;border-top-right-radius:0px;border-bottom-right-radius:0px;border-bottom-left-radius:0px;}.kadence-column1109_720c7b-a8 > .kt-inside-inner-col{column-gap:var(--global-kb-gap-sm, 1rem);}.kadence-column1109_720c7b-a8 > .kt-inside-inner-col{flex-direction:column;}.kadence-column1109_720c7b-a8 > .kt-inside-inner-col > .aligncenter{width:100%;}.kadence-column1109_720c7b-a8 > .kt-inside-inner-col:before{opacity:0.3;}.kadence-column1109_720c7b-a8{position:relative;}@media all and (max-width: 1024px){.kadence-column1109_720c7b-a8 > .kt-inside-inner-col{flex-direction:column;justify-content:center;}}@media all and (max-width: 767px){.kadence-column1109_720c7b-a8 > .kt-inside-inner-col{flex-direction:column;justify-content:center;}}<\/style>\n<div class=\"wp-block-kadence-column kadence-column1109_720c7b-a8\"><div class=\"kt-inside-inner-col\"><style>.kt-post-loop1109_2e05ab-5f .kadence-post-image{padding-top:0px;padding-right:0px;padding-bottom:0px;padding-left:0px;}.kt-post-loop1109_2e05ab-5f .kt-post-grid-wrap{gap:30px 30px;}.kt-post-loop1109_2e05ab-5f .kt-blocks-post-grid-item{border-top-left-radius:0px;border-top-right-radius:0px;border-bottom-right-radius:0px;border-bottom-left-radius:0px;overflow:hidden;}.kt-post-loop1109_2e05ab-5f .kt-blocks-post-grid-item .kt-blocks-post-grid-item-inner{padding-top:15px;padding-right:25px;padding-bottom:25px;padding-left:25px;}.kt-post-loop1109_2e05ab-5f .kt-blocks-post-grid-item header{padding-top:0px;padding-right:0px;padding-bottom:10px;padding-left:0px;margin-top:0px;margin-right:0px;margin-bottom:0px;margin-left:0px;}.kt-post-loop1109_2e05ab-5f .kt-blocks-post-grid-item .entry-title{padding-top:10px;padding-right:0px;padding-bottom:5px;padding-left:0px;margin-top:0px;margin-right:0px;margin-bottom:0px;margin-left:0px;font-size:24px;line-height:30px;}.kt-post-loop1109_2e05ab-5f .kt-blocks-post-grid-item .kt-blocks-post-top-meta{color:#777777;}.kt-post-loop1109_2e05ab-5f .kt-blocks-post-grid-item .kt-blocks-post-top-meta a{color:#777777;}.kt-post-loop1109_2e05ab-5f .kt-blocks-post-grid-item .kt-blocks-post-top-meta a:hover{color:#444444;}.kt-post-loop1109_2e05ab-5f .entry-content{padding-top:0px;padding-right:0px;padding-bottom:0px;padding-left:0px;margin-top:0px;margin-right:0px;margin-bottom:0px;margin-left:0px;}.kt-post-loop1109_2e05ab-5f .kt-blocks-post-footer{color:#777777;border-top-width:0px;border-right-width:0px;border-bottom-width:0px;border-left-width:0px;padding-top:0px;padding-right:0px;padding-bottom:0px;padding-left:0px;margin-top:0px;margin-right:0px;margin-bottom:0px;margin-left:0px;font-size:12px;line-height:20px;}.kt-post-loop1109_2e05ab-5f .entry-content:after{height:0px;}.kt-post-loop1109_2e05ab-5f .kt-blocks-post-footer a{color:#777777;}.kt-post-loop1109_2e05ab-5f .kt-blocks-post-footer a:hover{color:#444444;}.kt-post-loop1109_2e05ab-5f .kb-filter-item{border-top-width:0px;border-right-width:0px;border-bottom-width:2px;border-left-width:0px;padding-top:5px;padding-right:8px;padding-bottom:5px;padding-left:8px;margin-top:0px;margin-right:10px;margin-bottom:0px;margin-left:0px;}<\/style><div class=\"wp-block-kadence-postgrid kt-blocks-post-loop-block alignnone kt-post-loop1109_2e05ab-5f kt-post-grid-layout-grid\"><div class=\"kt-post-grid-layout-grid-wrap kt-post-grid-wrap\" data-columns-xxl=\"2\" data-columns-xl=\"2\" data-columns-md=\"2\" data-columns-sm=\"2\" data-columns-xs=\"1\" data-columns-ss=\"1\"data-item-selector=\".kt-post-masonry-item\" aria-label=\"Post Carousel\"><article class=\"kt-blocks-post-grid-item post-2646 post type-post status-publish format-standard hentry category-press-release\"><div class=\"kt-blocks-post-grid-item-inner-wrap kt-feat-image-align-none kt-feat-image-mobile-align-top\"><div class=\"kt-blocks-post-grid-item-inner\"><header><h2 class=\"entry-title\"><a href=\"https:\/\/spracht.com\/es\/spracht-introduces-workit-usb-corded-headsets-hsusb1-hsusb2\/\">Spracht Presenta Aud\u00edfonos con Cable USB WorkIT!\u2122 (HSUSB1 \/ HSUSB2)<\/a><\/h2><div class=\"kt-blocks-post-top-meta\"><div class=\"kt-blocks-post-author\"><span class=\"kt-blocks-author-pretext\">Por <\/span><a href=\"https:\/\/spracht.com\/es\/author\/margarita-kovats\/\" class=\"kt-blocks-post-author-link fn\">Margarita Kovats<\/a><\/div><div class=\"kt-blocks-meta-divider kt-blocks-meta-no-divider\"><\/div><div class=\"kt-blocks-post-author\"><span class=\"kt-blocks-category-pretext\">Publicado en <\/span><span class=\"kt-blocks-categories\"><a href=\"https:\/\/spracht.com\/es\/category\/press-release\/\" class=\"category-link-press-release\" rel=\"tag\">Comunicado de prensa<\/a><\/span><\/div><\/div><\/header><div class=\"entry-content\">Para Publicaci\u00f3n Inmediata Marzo de 2025 Spracht Presenta los Aud\u00edfonos con Cable USB WorkIT!\u2122 (HSUSB1 \/ HSUSB2) PALO ALTO, CA \u2014 Te...<\/div><footer class=\"kt-blocks-post-footer\"><div class=\"kt-blocks-post-footer-left\"><\/div><div class=\"kt-blocks-post-footer-right\"><\/div><\/footer><\/div><\/div><\/article><article class=\"kt-blocks-post-grid-item post-2639 post type-post status-publish format-standard hentry category-press-release\"><div class=\"kt-blocks-post-grid-item-inner-wrap kt-feat-image-align-none kt-feat-image-mobile-align-top\"><div class=\"kt-blocks-post-grid-item-inner\"><header><h2 class=\"entry-title\"><a href=\"https:\/\/spracht.com\/es\/spracht-introduces-blues-combo-bt-usb-wireless-headsets-bc1022-bc1039\/\">Spracht Presenta los Aud\u00edfonos Inal\u00e1mbricos Blues Combo\u2122 BT\/USB (BC1022\/BC1039)<\/a><\/h2><div class=\"kt-blocks-post-top-meta\"><div class=\"kt-blocks-post-author\"><span class=\"kt-blocks-author-pretext\">Por <\/span><a href=\"https:\/\/spracht.com\/es\/author\/margarita-kovats\/\" class=\"kt-blocks-post-author-link fn\">Margarita Kovats<\/a><\/div><div class=\"kt-blocks-meta-divider kt-blocks-meta-no-divider\"><\/div><div class=\"kt-blocks-post-author\"><span class=\"kt-blocks-category-pretext\">Publicado en <\/span><span class=\"kt-blocks-categories\"><a href=\"https:\/\/spracht.com\/es\/category\/press-release\/\" class=\"category-link-press-release\" rel=\"tag\">Comunicado de prensa<\/a><\/span><\/div><\/div><\/header><div class=\"entry-content\">Para Publicaci\u00f3n Inmediata Octubre de 2024 Spracht Presenta Auriculares Inal\u00e1mbricos Bluetooth\/USB Blues Combo\u2122 (BC1022\/BC1039) PALO ALTO, CA \u2014 La mayor\u00eda de los auriculares\u2026<\/div><footer class=\"kt-blocks-post-footer\"><div class=\"kt-blocks-post-footer-left\"><\/div><div class=\"kt-blocks-post-footer-right\"><\/div><\/footer><\/div><\/div><\/article><article class=\"kt-blocks-post-grid-item post-2642 post type-post status-publish format-standard hentry category-press-release\"><div class=\"kt-blocks-post-grid-item-inner-wrap kt-feat-image-align-none kt-feat-image-mobile-align-top\"><div class=\"kt-blocks-post-grid-item-inner\"><header><h2 class=\"entry-title\"><a href=\"https:\/\/spracht.com\/es\/spracht-introduces-conference-mate-pro-wireless-speaker-mcp-4010\/\">Spracht presenta el altavoz inal\u00e1mbrico Conference Mate\u2122 Pro (MCP-4010)<\/a><\/h2><div class=\"kt-blocks-post-top-meta\"><div class=\"kt-blocks-post-author\"><span class=\"kt-blocks-author-pretext\">Por <\/span><a href=\"https:\/\/spracht.com\/es\/author\/margarita-kovats\/\" class=\"kt-blocks-post-author-link fn\">Margarita Kovats<\/a><\/div><div class=\"kt-blocks-meta-divider kt-blocks-meta-no-divider\"><\/div><div class=\"kt-blocks-post-author\"><span class=\"kt-blocks-category-pretext\">Publicado en <\/span><span class=\"kt-blocks-categories\"><a href=\"https:\/\/spracht.com\/es\/category\/press-release\/\" class=\"category-link-press-release\" rel=\"tag\">Comunicado de prensa<\/a><\/span><\/div><\/div><\/header><div class=\"entry-content\">Para Publicaci\u00f3n Inmediata Octubre 2024 Spracht Presenta Bocina Inal\u00e1mbrica Conference Mate\u2122 Pro (MCP-4010) PALO ALTO, CA \u2014 Todos hemos estado\u2026<\/div><footer class=\"kt-blocks-post-footer\"><div class=\"kt-blocks-post-footer-left\"><\/div><div class=\"kt-blocks-post-footer-right\"><\/div><\/footer><\/div><\/div><\/article><article class=\"kt-blocks-post-grid-item post-2656 post type-post status-publish format-standard hentry category-press-release\"><div class=\"kt-blocks-post-grid-item-inner-wrap kt-feat-image-align-none kt-feat-image-mobile-align-top\"><div class=\"kt-blocks-post-grid-item-inner\"><header><h2 class=\"entry-title\"><a href=\"https:\/\/spracht.com\/es\/spracht-debuts-magpad-wireless-charging-mouse-pad-mgpbk-mgpbn\/\">Spracht Lanza MagPad\u2122 Mouse Pad con Carga Inal\u00e1mbrica (MGPBK \/ MGPBN)<\/a><\/h2><div class=\"kt-blocks-post-top-meta\"><div class=\"kt-blocks-post-author\"><span class=\"kt-blocks-author-pretext\">Por <\/span><a href=\"https:\/\/spracht.com\/es\/author\/margarita-kovats\/\" class=\"kt-blocks-post-author-link fn\">Margarita Kovats<\/a><\/div><div class=\"kt-blocks-meta-divider kt-blocks-meta-no-divider\"><\/div><div class=\"kt-blocks-post-author\"><span class=\"kt-blocks-category-pretext\">Publicado en <\/span><span class=\"kt-blocks-categories\"><a href=\"https:\/\/spracht.com\/es\/category\/press-release\/\" class=\"category-link-press-release\" rel=\"tag\">Comunicado de prensa<\/a><\/span><\/div><\/div><\/header><div class=\"entry-content\">Para Publicaci\u00f3n Inmediata Julio de 2024 Spracht Lanza el Mouse Pad de Carga Inal\u00e1mbrica MagPad\u2122 (MGPBK \/ MGPBN) PALO ALTO, CA \u2014 Spracht anunci\u00f3 hoy la Carga Inal\u00e1mbrica MagPad\u2122\u2026<\/div><footer class=\"kt-blocks-post-footer\"><div class=\"kt-blocks-post-footer-left\"><\/div><div class=\"kt-blocks-post-footer-right\"><\/div><\/footer><\/div><\/div><\/article><article class=\"kt-blocks-post-grid-item post-2644 post type-post status-publish format-standard hentry category-press-release\"><div class=\"kt-blocks-post-grid-item-inner-wrap kt-feat-image-align-none kt-feat-image-mobile-align-top\"><div class=\"kt-blocks-post-grid-item-inner\"><header><h2 class=\"entry-title\"><a href=\"https:\/\/spracht.com\/es\/spracht-introduces-blunote-anc-bluetooth-headphones-hpbtanc\/\">Spracht presenta los aud\u00edfonos Bluetooth Blunote ANC\u2122 (HPBTANC)<\/a><\/h2><div class=\"kt-blocks-post-top-meta\"><div class=\"kt-blocks-post-author\"><span class=\"kt-blocks-author-pretext\">Por <\/span><a href=\"https:\/\/spracht.com\/es\/author\/margarita-kovats\/\" class=\"kt-blocks-post-author-link fn\">Margarita Kovats<\/a><\/div><div class=\"kt-blocks-meta-divider kt-blocks-meta-no-divider\"><\/div><div class=\"kt-blocks-post-author\"><span class=\"kt-blocks-category-pretext\">Publicado en <\/span><span class=\"kt-blocks-categories\"><a href=\"https:\/\/spracht.com\/es\/category\/press-release\/\" class=\"category-link-press-release\" rel=\"tag\">Comunicado de prensa<\/a><\/span><\/div><\/div><\/header><div class=\"entry-content\">Para Publicaci\u00f3n Inmediata Junio 2024 Spracht Presenta los Aud\u00edfonos Bluetooth Blunote ANC\u2122 (HPBTANC) PALO ALTO, CA \u2014 Para cualquiera que necesite concentrarse en un entorno ruidoso\u2026<\/div><footer class=\"kt-blocks-post-footer\"><div class=\"kt-blocks-post-footer-left\"><\/div><div class=\"kt-blocks-post-footer-right\"><\/div><\/footer><\/div><\/div><\/article><article class=\"kt-blocks-post-grid-item post-2650 post type-post status-publish format-standard hentry category-press-release\"><div class=\"kt-blocks-post-grid-item-inner-wrap kt-feat-image-align-none kt-feat-image-mobile-align-top\"><div class=\"kt-blocks-post-grid-item-inner\"><header><h2 class=\"entry-title\"><a href=\"https:\/\/spracht.com\/es\/spracht-debuts-flexcharge-3-wireless-charging-station-fc3b-fc3w\/\">Spracht Lanza la Estaci\u00f3n de Carga Inal\u00e1mbrica FlexCharge 3\u2122 (FC3B \/ FC3W)<\/a><\/h2><div class=\"kt-blocks-post-top-meta\"><div class=\"kt-blocks-post-author\"><span class=\"kt-blocks-author-pretext\">Por <\/span><a href=\"https:\/\/spracht.com\/es\/author\/margarita-kovats\/\" class=\"kt-blocks-post-author-link fn\">Margarita Kovats<\/a><\/div><div class=\"kt-blocks-meta-divider kt-blocks-meta-no-divider\"><\/div><div class=\"kt-blocks-post-author\"><span class=\"kt-blocks-category-pretext\">Publicado en <\/span><span class=\"kt-blocks-categories\"><a href=\"https:\/\/spracht.com\/es\/category\/press-release\/\" class=\"category-link-press-release\" rel=\"tag\">Comunicado de prensa<\/a><\/span><\/div><\/div><\/header><div class=\"entry-content\">Para publicaci\u00f3n inmediata Junio de 2024 Spracht presenta la estaci\u00f3n de carga inal\u00e1mbrica FlexCharge 3\u2122 (FC3B \/ FC3W) PALO ALTO, CA \u2014 Cargar tres dispositivos no deber\u00eda\u2026<\/div><footer class=\"kt-blocks-post-footer\"><div class=\"kt-blocks-post-footer-left\"><\/div><div class=\"kt-blocks-post-footer-right\"><\/div><\/footer><\/div><\/div><\/article><article class=\"kt-blocks-post-grid-item post-2652 post type-post status-publish format-standard hentry category-press-release\"><div class=\"kt-blocks-post-grid-item-inner-wrap kt-feat-image-align-none kt-feat-image-mobile-align-top\"><div class=\"kt-blocks-post-grid-item-inner\"><header><h2 class=\"entry-title\"><a href=\"https:\/\/spracht.com\/es\/spracht-introduces-blunote-anc-tws-earbuds-bnanc007\/\">Spracht presenta los auriculares Blunote ANC TWS (BNANC007)<\/a><\/h2><div class=\"kt-blocks-post-top-meta\"><div class=\"kt-blocks-post-author\"><span class=\"kt-blocks-author-pretext\">Por <\/span><a href=\"https:\/\/spracht.com\/es\/author\/margarita-kovats\/\" class=\"kt-blocks-post-author-link fn\">Margarita Kovats<\/a><\/div><div class=\"kt-blocks-meta-divider kt-blocks-meta-no-divider\"><\/div><div class=\"kt-blocks-post-author\"><span class=\"kt-blocks-category-pretext\">Publicado en <\/span><span class=\"kt-blocks-categories\"><a href=\"https:\/\/spracht.com\/es\/category\/press-release\/\" class=\"category-link-press-release\" rel=\"tag\">Comunicado de prensa<\/a><\/span><\/div><\/div><\/header><div class=\"entry-content\">Para Publicaci\u00f3n Inmediata Junio de 2024 Spracht Presenta los Aud\u00edfonos Inal\u00e1mbricos Blunote ANC TWS (BNANC007) PALO ALTO, CA \u2014 Para cualquiera que\u2026<\/div><footer class=\"kt-blocks-post-footer\"><div class=\"kt-blocks-post-footer-left\"><\/div><div class=\"kt-blocks-post-footer-right\"><\/div><\/footer><\/div><\/div><\/article><article class=\"kt-blocks-post-grid-item post-2654 post type-post status-publish format-standard hentry category-press-release\"><div class=\"kt-blocks-post-grid-item-inner-wrap kt-feat-image-align-none kt-feat-image-mobile-align-top\"><div class=\"kt-blocks-post-grid-item-inner\"><header><h2 class=\"entry-title\"><a href=\"https:\/\/spracht.com\/es\/spracht-debuts-flexcharge-4-wireless-charging-station-fc4b-fc4w\/\">Spracht Lanza la Estaci\u00f3n de Carga Inal\u00e1mbrica FlexCharge 4\u2122 (FC4B \/ FC4W)<\/a><\/h2><div class=\"kt-blocks-post-top-meta\"><div class=\"kt-blocks-post-author\"><span class=\"kt-blocks-author-pretext\">Por <\/span><a href=\"https:\/\/spracht.com\/es\/author\/margarita-kovats\/\" class=\"kt-blocks-post-author-link fn\">Margarita Kovats<\/a><\/div><div class=\"kt-blocks-meta-divider kt-blocks-meta-no-divider\"><\/div><div class=\"kt-blocks-post-author\"><span class=\"kt-blocks-category-pretext\">Publicado en <\/span><span class=\"kt-blocks-categories\"><a href=\"https:\/\/spracht.com\/es\/category\/press-release\/\" class=\"category-link-press-release\" rel=\"tag\">Comunicado de prensa<\/a><\/span><\/div><\/div><\/header><div class=\"entry-content\">Para distribuci\u00f3n inmediata Junio de 2024 Spracht presenta la estaci\u00f3n de carga inal\u00e1mbrica FlexCharge 4\u2122 (FC4B \/ FC4W) PALO ALTO, CA \u2014 Cargar cuatro dispositivos no deber\u00eda requerir cuatro cables y cuatro adaptadores. Spracht introduce el FlexCharge 4\u2122\u2026<\/div><footer class=\"kt-blocks-post-footer\"><div class=\"kt-blocks-post-footer-left\"><\/div><div class=\"kt-blocks-post-footer-right\"><\/div><\/footer><\/div><\/div><\/article><article class=\"kt-blocks-post-grid-item post-2648 post type-post status-publish format-standard hentry category-press-release\"><div class=\"kt-blocks-post-grid-item-inner-wrap kt-feat-image-align-none kt-feat-image-mobile-align-top\"><div class=\"kt-blocks-post-grid-item-inner\"><header><h2 class=\"entry-title\"><a href=\"https:\/\/spracht.com\/es\/spracht-introduces-zum-over-the-ear-bluetooth-headset-hs-ote-q\/\">Spracht presenta los auriculares Bluetooth Zum-Over-the-Ear\u2122 (HS-OTE-Q)<\/a><\/h2><div class=\"kt-blocks-post-top-meta\"><div class=\"kt-blocks-post-author\"><span class=\"kt-blocks-author-pretext\">Por <\/span><a href=\"https:\/\/spracht.com\/es\/author\/margarita-kovats\/\" class=\"kt-blocks-post-author-link fn\">Margarita Kovats<\/a><\/div><div class=\"kt-blocks-meta-divider kt-blocks-meta-no-divider\"><\/div><div class=\"kt-blocks-post-author\"><span class=\"kt-blocks-category-pretext\">Publicado en <\/span><span class=\"kt-blocks-categories\"><a href=\"https:\/\/spracht.com\/es\/category\/press-release\/\" class=\"category-link-press-release\" rel=\"tag\">Comunicado de prensa<\/a><\/span><\/div><\/div><\/header><div class=\"entry-content\">Para Publicaci\u00f3n Inmediata Enero 2024 Spracht Presenta los Aud\u00edfonos Bluetooth Zum-Over-the-Ear\u2122 (HS-OTE-Q) PALO ALTO, CA \u2014 La mayor\u00eda de los aud\u00edfonos inal\u00e1mbricos son...<\/div><footer class=\"kt-blocks-post-footer\"><div class=\"kt-blocks-post-footer-left\"><\/div><div class=\"kt-blocks-post-footer-right\"><\/div><\/footer><\/div><\/div><\/article><\/div><div class=\"kt-blocks-page-nav\">\n\t<nav class=\"navigation pagination\" aria-label=\"Paginaci\u00f3n de entradas\">\n\t\t<h2 class=\"screen-reader-text\">Paginaci\u00f3n de entradas<\/h2>\n\t\t<div class=\"nav-links\"><span aria-label=\"P\u00e1gina 1\" aria-current=\"page\" class=\"page-numbers current\" data-no-translation-aria-label=\"\">1<\/span>\n<a aria-label=\"P\u00e1gina 2\" class=\"page-numbers\" href=\"https:\/\/spracht.com\/es\/wp-json\/wp\/v2\/pages\/1109\/page\/2\/\" data-no-translation-aria-label=\"\">2<\/a>\n<a aria-label=\"P\u00e1gina 3\" class=\"page-numbers\" href=\"https:\/\/spracht.com\/es\/wp-json\/wp\/v2\/pages\/1109\/page\/3\/\" data-no-translation-aria-label=\"\">3<\/a>\n<a class=\"next page-numbers\" href=\"https:\/\/spracht.com\/es\/wp-json\/wp\/v2\/pages\/1109\/page\/2\/\"><span class=\"screen-reader-text\">Next Page<\/span><svg style=\"display:inline-block;vertical-align:middle\" aria-hidden=\"true\" class=\"kt-blocks-pagination-right-svg\" viewbox=\"0 0 320 512\" height=\"14\" width=\"8\" fill=\"currentColor\" xmlns=\"http:\/\/www.w3.org\/2000\/svg\"><path d=\"M285.476 272.971L91.132 467.314c-9.373 9.373-24.569 9.373-33.941 0l-22.667-22.667c-9.357-9.357-9.375-24.522-.04-33.901L188.505 256 34.484 101.255c-9.335-9.379-9.317-24.544.04-33.901l22.667-22.667c9.373-9.373 24.569-9.373 33.941 0L285.475 239.03c9.373 9.372 9.373 24.568.001 33.941z\"><\/path><\/svg><\/a><\/div>\n\t<\/nav><\/div><\/div><!-- .wp-block-kadence-postgrid --><\/div><\/div>\n\n<\/div><\/div>","protected":false},"excerpt":{"rendered":"","protected":false},"author":2,"featured_media":0,"parent":0,"menu_order":0,"comment_status":"closed","ping_status":"closed","template":"","meta":{"_kad_blocks_custom_css":"","_kad_blocks_head_custom_js":"","_kad_blocks_body_custom_js":"","_kad_blocks_footer_custom_js":"","_kad_post_transparent":"","_kad_post_title":"","_kad_post_layout":"","_kad_post_sidebar_id":"","_kad_post_content_style":"","_kad_post_vertical_padding":"","_kad_post_feature":"","_kad_post_feature_position":"","_kad_post_header":false,"_kad_post_footer":false,"_kad_post_classname":"","footnotes":""},"class_list":["post-1109","page","type-page","status-publish","hentry"],"taxonomy_info":[],"featured_image_src_large":false,"author_info":{"display_name":"Spracht","author_link":"https:\/\/spracht.com\/es\/author\/spracht-admin\/"},"comment_info":0,"jetpack_sharing_enabled":true,"_links":{"self":[{"href":"https:\/\/spracht.com\/es\/wp-json\/wp\/v2\/pages\/1109","targetHints":{"allow":["GET"]}}],"collection":[{"href":"https:\/\/spracht.com\/es\/wp-json\/wp\/v2\/pages"}],"about":[{"href":"https:\/\/spracht.com\/es\/wp-json\/wp\/v2\/types\/page"}],"author":[{"embeddable":true,"href":"https:\/\/spracht.com\/es\/wp-json\/wp\/v2\/users\/2"}],"replies":[{"embeddable":true,"href":"https:\/\/spracht.com\/es\/wp-json\/wp\/v2\/comments?post=1109"}],"version-history":[{"count":7,"href":"https:\/\/spracht.com\/es\/wp-json\/wp\/v2\/pages\/1109\/revisions"}],"predecessor-version":[{"id":2842,"href":"https:\/\/spracht.com\/es\/wp-json\/wp\/v2\/pages\/1109\/revisions\/2842"}],"wp:attachment":[{"href":"https:\/\/spracht.com\/es\/wp-json\/wp\/v2\/media?parent=1109"}],"curies":[{"name":"wp","href":"https:\/\/api.w.org\/{rel}","templated":true}]}}